{"id":1443,"date":"2023-02-14T08:00:44","date_gmt":"2023-02-14T08:00:44","guid":{"rendered":"https:\/\/barn.si\/about-us\/"},"modified":"2023-03-15T08:13:07","modified_gmt":"2023-03-15T08:13:07","slug":"o-nas","status":"publish","type":"page","link":"https:\/\/barn.si\/sl\/o-nas\/","title":{"rendered":"O nas"},"content":{"rendered":"\n\t<section class=\"section plant-ban pb-0\" id=\"section_877648261\">\n\t\t<div class=\"section-bg fill\" >\n\t\t\t<img loading=\"lazy\" decoding=\"async\" width=\"1920\" height=\"353\" src=\"https:\/\/barn.si\/wp-content\/uploads\/2023\/02\/Rectangle-38.png\" class=\"bg\" alt=\"\" srcset=\"https:\/\/barn.si\/wp-content\/uploads\/2023\/02\/Rectangle-38.png 1920w, https:\/\/barn.si\/wp-content\/uploads\/2023\/02\/Rectangle-38-300x55.png 300w, https:\/\/barn.si\/wp-content\/uploads\/2023\/02\/Rectangle-38-1024x188.png 1024w, https:\/\/barn.si\/wp-content\/uploads\/2023\/02\/Rectangle-38-768x141.png 768w, https:\/\/barn.si\/wp-content\/uploads\/2023\/02\/Rectangle-38-1536x282.png 1536w, https:\/\/barn.si\/wp-content\/uploads\/2023\/02\/Rectangle-38-600x110.png 600w\" sizes=\"auto, (max-width: 1920px) 100vw, 1920px\" \/>\t\t\t\t\t\t<div class=\"section-bg-overlay absolute fill\"><\/div>\n\t\t\t\n\n\t\t<\/div>\n\n\t\t\n\n\t\t<div class=\"section-content relative\">\n\t\t\t\n<div class=\"row align-middle pb-0\"  id=\"row-479795000\">\n\n\t<div id=\"col-1835374076\" class=\"col medium-8 small-12 large-9\"  >\n\t\t\t\t<div class=\"col-inner\"  >\n\t\t\t\n\t\t\t\n\t<div id=\"text-2956554933\" class=\"text mobilc-sredinsko\">\n\t\t\n<h1>O nas<\/h1>\n\t\t\t<\/div>\n\t\n\t\t<\/div>\n\t\t\t\t\n<style>\n#col-1835374076 > .col-inner {\n  padding: 0px 0px 0px 0px;\n  margin: 10px 0px -20px 0px;\n}\n@media (min-width:550px) {\n  #col-1835374076 > .col-inner {\n    padding: 30px 0px 30px 0px;\n  }\n}\n@media (min-width:850px) {\n  #col-1835374076 > .col-inner {\n    padding: 0px 0px 0px 0px;\n  }\n}\n<\/style>\n\t<\/div>\n\n\t\n\n\t<div id=\"col-2045476241\" class=\"col pb-0 hide-for-small medium-3 small-6 large-3\"  >\n\t\t\t\t<div class=\"col-inner text-right\"  >\n\t\t\t\n\t\t\t\n\t<div class=\"img has-hover x md-x lg-x y md-y lg-y\" id=\"image_165357069\">\n\t\t\t\t\t\t\t\t<div class=\"img-inner dark\" >\n\t\t\t<img loading=\"lazy\" decoding=\"async\" width=\"389\" height=\"449\" src=\"https:\/\/barn.si\/wp-content\/uploads\/2023\/02\/barn-ilustracija.png\" class=\"attachment-original size-original\" alt=\"\" srcset=\"https:\/\/barn.si\/wp-content\/uploads\/2023\/02\/barn-ilustracija.png 389w, https:\/\/barn.si\/wp-content\/uploads\/2023\/02\/barn-ilustracija-260x300.png 260w\" sizes=\"auto, (max-width: 389px) 100vw, 389px\" \/>\t\t\t\t\t\t\n\t\t\t\t\t<\/div>\n\t\t\t\t\t\t\t\t\n<style>\n#image_165357069 {\n  width: 100%;\n}\n@media (min-width:550px) {\n  #image_165357069 {\n    width: 50%;\n  }\n}\n<\/style>\n\t<\/div>\n\t\n\t\t<\/div>\n\t\t\t\t\n<style>\n#col-2045476241 > .col-inner {\n  padding: 0px 0px 0px 0px;\n}\n<\/style>\n\t<\/div>\n\n\t\n<\/div>\n\t\t<\/div>\n\n\t\t\n<style>\n#section_877648261 {\n  padding-top: 10px;\n  padding-bottom: 10px;\n}\n#section_877648261 .section-bg-overlay {\n  background-color: rgba(0,0,0,.5);\n}\n#section_877648261 .section-bg img {\n  object-position: 0% 50%;\n}\n@media (min-width:850px) {\n  #section_877648261 {\n    padding-top: 0px;\n    padding-bottom: 0px;\n  }\n}\n<\/style>\n\t<\/section>\n\t\n\n\t<section class=\"section plant-ban\" id=\"section_390896635\">\n\t\t<div class=\"section-bg fill\" >\n\t\t\t\t\t\t\t\t\t<div class=\"section-bg-overlay absolute fill\"><\/div>\n\t\t\t\n\n\t\t<\/div>\n\n\t\t\n\n\t\t<div class=\"section-content relative\">\n\t\t\t\n<div class=\"row pb-0\"  id=\"row-2065769154\">\n\n\t<div id=\"col-940125281\" class=\"col small-12 large-12\"  >\n\t\t\t\t<div class=\"col-inner\"  >\n\t\t\t\n\t\t\t\n\t<div id=\"text-970900988\" class=\"text landingpage-besedilo-zamik\">\n\t\t\n<p>Zgodovinsko gledano sta konoplja in njena uporaba starej\u0161a od pisane besede.<\/p>\n<p>Dokazi iz analiz po arheolo\u0161kih izkopavanjih potrjujejo dejstvo, da njegova uporaba sega tiso\u010de let nazaj, predvsem v regijah vzhodne in jugovzhodne Azije.<\/p>\n<p>Ta zgodovinski chit chat je zanimiv, vendar ste o njem \u017ee veliko prebrali. Tokrat vas ne bomo pou\u010devali, temve\u010d vam \u017eelimo le predstaviti na\u0161o blagovno znamko.<\/p>\n<p>Barn.si je nova blagovna znamka na trgu, a njen ustanovitelj in idejni vodja se s konopljo ukvarja \u017ee ve\u010d kot 10 let. Za\u010detki segajo v prodajo opreme za gojenje, spoznavanje trga, legalno gojenje konoplje in testiranje ve\u010d kot 100 vrst semen. Spoznanje, da je na trgu veliko slabih semen s slabo genetiko, ga je pripeljalo do odkrivanja vrst in na\u010dinov, kar ga je pripeljalo do ustanovitve spletne trgovine Barn. V Sloveniji je z namenom izobra\u017eevanja in ozave\u0161\u010danja svoja vrata odprla tudi fizi\u010dna trgovina Barn \u2014 Z ljubeznijo do konoplje.<\/p>\n<p>Na\u0161a vizija se razvija, cilj pa vedno ostaja isti. Semena prihodnosti, znana tudi kot semena prihodnosti Barn. Ko bo pri\u0161el trenutek in pravi \u010das, bo to zagotovilo, da bo ta starodavna rastlina zagledala svojo lu\u010d v svetu in ponovno zasijala v vsem svojem sijaju, kot si zaslu\u017ei. Potem ste lahko pripravljeni s semeni iz na\u0161e zbirke, ki ponosno predstavljajo svojo kakovost, pridobljena brez fungicidov, iz skrbno izbranih, \u010distih, dobro negovanih mati\u010dnih rastlin. Izberemo mati\u010dne rastline s stabilnim u\u010dinkom, bolj\u0161o kakovostjo in dobrimi rastnimi lastnostmi. Na\u0161i pridelovalci upo\u0161tevajo na\u0161a navodila glede gojenja in vzreje. Zato vam lahko ponudimo stabilne, prave sorte po najbolj\u0161ih cenah na svetu.<br \/>Pri Barnu verjamemo, da mora biti gojenje dostopno in prijetno za vsakogar, ne glede na raven izku\u0161enj. Zato ponujamo \u0161iroko paleto semen, od sort, ki jih je enostavno gojiti, do bolj zahtevnih sort dedi\u0161\u010dine. Na\u0161a semena so skrbno izbrana in testirana glede stopnje kalivosti in odpornosti proti boleznim, kar zagotavlja najbolj\u0161e mo\u017ene rezultate v va\u0161em sistemu gojenja.<\/p>\n<p>Zavezani smo k temu, da svojim strankam ne le zagotovimo najbolj kakovostna semena, temve\u010d tudi najbolj\u0161o uporabni\u0161ko izku\u0161njo. Na\u0161e usposobljeno osebje vam je vedno na voljo za odgovore na va\u0161a vpra\u0161anja in svetovanje pri nakupu. Verjamemo v gradnjo mo\u010dnih odnosov z na\u0161imi strankami in ponosni smo, da vam lahko pomagamo.<\/p>\n<p>Nakupujte pri nas \u017ee danes in odkrijte razliko, ki jo lahko skrbno izbrana semena in nasveti strokovnjakov prinesejo v va\u0161 prihodnji pridelovalni sistem!<\/p>\n<p>Na\u0161e podjetje tesno sodeluje s Konoplja osvobaja d.o.o.<\/p>\n\t\t\t<\/div>\n\t\n\t\t<\/div>\n\t\t\t\t\n<style>\n#col-940125281 > .col-inner {\n  padding: 0px 10px 0px 10px;\n}\n@media (min-width:550px) {\n  #col-940125281 > .col-inner {\n    padding: 0px 0px 0px 0px;\n  }\n}\n@media (min-width:850px) {\n  #col-940125281 > .col-inner {\n    padding: 0px 30px 0px 30px;\n  }\n}\n<\/style>\n\t<\/div>\n\n\t\n\n\t<div id=\"col-1262801229\" class=\"col medium-6 small-12 large-6\"  >\n\t\t\t\t<div class=\"col-inner\"  >\n\t\t\t\n\t\t\t\n\t<div id=\"gap-1331530517\" class=\"gap-element clearfix\" style=\"display:block; height:auto;\">\n\t\t\n<style>\n#gap-1331530517 {\n  padding-top: 30px;\n}\n<\/style>\n\t<\/div>\n\t\n\t<div id=\"text-3030148978\" class=\"text\">\n\t\t\n<h3>Contact<\/h3>\n<p><a target=\"blank\" href=\"https:\/\/www.google.com\/maps\/place\/Karantanska+cesta+2,+1230+Dom%C5%BEale\/@46.1376524,14.5855495,15z\/data=!4m15!1m8!3m7!1s0x4765346ad15d6c4d:0x3b55d79c1041be26!2sKarantanska+cesta+2,+1230+Dom%C5%BEale!3b1!8m2!3d46.1376524!4d14.5943042!16s%2Fg%2F11c1zb9x5r!3m5!1s0x4765346ad15d6c4d:0x3b55d79c1041be26!8m2!3d46.1376524!4d14.5943042!16s%2Fg%2F11c1zb9x5r\" rel=\"noopener nofollow\">Karantanska cesta 2 <br \/>1235 Dom\u017eale<\/a><br \/>\n<a href=\"tel:0038651211411\">+38651 211 411<\/a><br \/>\n<a href=\"mailto:info@barn.si\">info@barn.si<\/a><\/p>\n<h3>Follow us:<\/h3>\n\t\t\n<style>\n#text-3030148978 {\n  color: rgb(255, 255, 255);\n}\n#text-3030148978 > * {\n  color: rgb(255, 255, 255);\n}\n<\/style>\n\t<\/div>\n\t\n<div class=\"social-icons follow-icons full-width text-left\" style=\"font-size:120%\"><a href=\"https:\/\/www.facebook.com\/barn.seeds\/\" target=\"_blank\" data-label=\"Facebook\" class=\"icon plain facebook tooltip\" title=\"Sledi na Facebook\" aria-label=\"Sledi na Facebook\" rel=\"noopener nofollow\"><i class=\"icon-facebook\" ><\/i><\/a><a href=\"https:\/\/www.instagram.com\/barn.seeds\/\" target=\"_blank\" data-label=\"Instagram\" class=\"icon plain instagram tooltip\" title=\"Sledi nam na Instagramu\" aria-label=\"Sledi nam na Instagramu\" rel=\"noopener nofollow\"><i class=\"icon-instagram\" ><\/i><\/a><\/div>\n\t\t<\/div>\n\t\t\t\t\n<style>\n#col-1262801229 > .col-inner {\n  padding: 0px 30px 0px 20px;\n}\n@media (min-width:550px) {\n  #col-1262801229 > .col-inner {\n    padding: 0px 0px 0px 0px;\n  }\n}\n@media (min-width:850px) {\n  #col-1262801229 > .col-inner {\n    padding: 0px 0px 0px 30px;\n  }\n}\n<\/style>\n\t<\/div>\n\n\t\n\n\t<div id=\"col-893051026\" class=\"col medium-6 small-12 large-6\"  >\n\t\t\t\t<div class=\"col-inner\"  >\n\t\t\t\n\t\t\t\n\n\t<script type=\"text\/javascript\">\n  jQuery( document ).ready(function() {\n    function initialize() {\n        var styles = {\n            'flatsome':  [{\n            \"featureType\": \"administrative\",\n            \"stylers\": [\n              { \"visibility\": \"on\" }\n            ]\n          },\n          {\n            \"featureType\": \"road\",\n            \"stylers\": [\n              { \"visibility\": \"on\" },\n              { \"hue\": \"\" }\n            ]\n          },\n          {\n            \"stylers\": [\n\t\t\t  { \"visibility\": \"on\" },\n\t\t\t  { \"hue\": \"\" },\n\t\t\t  { \"saturation\": -30 }\n            ]\n          }\n        ]};\n\n        var myLatlng = new google.maps.LatLng(46.13764, 14.5943);\n        var myOptions = {\n            zoom: 17,\n            center: myLatlng,\n            mapTypeId: google.maps.MapTypeId.ROADMAP,\n            disableDefaultUI: true,\n            mapTypeId: 'flatsome',\n            draggable: true,\n            zoomControl: false,\n            zoomControlOptions: {\n              position: google.maps.ControlPosition.TOP_LEFT\n            },\n      \t\t\tmapTypeControl: false,\n            mapTypeControlOptions: {\n              position: google.maps.ControlPosition.TOP_LEFT\n            },\n      \t\t\tstreetViewControl: false,\n            streetViewControlOptions: {\n              position: google.maps.ControlPosition.TOP_LEFT\n            },\n            scrollwheel: false,\n            disableDoubleClickZoom: true\n        }\n        var map = new google.maps.Map(document.getElementById(\"map-3184091321-inner\"), myOptions);\n        var styledMapType = new google.maps.StyledMapType(styles['flatsome'], {name: 'flatsome'});\n        map.mapTypes.set('flatsome', styledMapType);\n\n        var marker = new google.maps.Marker({\n            position: myLatlng,\n            map: map,\n            title:\"\"\n        });\n    }\n\n    \/\/ Required to proceed\n    if (!(typeof google === 'object' && typeof google.maps === 'object')) {\n      return\n    }\n\n    initialize()\n    google.maps.event.addDomListener(window, 'resize', initialize);\n    });\n    <\/script>\n\n    <div class=\"google-map relative mb\" id=\"map-3184091321\">\n        <div class=\"map-height\" id=\"map-3184091321-inner\"><\/div>\n        <div id=\"map_overlay_top\"><\/div>\n        <div id=\"map_overlay_bottom\"><\/div>\n         \n       \n<style>\n#map-3184091321 .map-inner {\n  background-color: #fff;\n  max-width: 100%;\n}\n#map-3184091321 .map-height {\n  height: 400px;\n}\n@media (min-width:550px) {\n  #map-3184091321 .map-inner {\n    max-width: 40%;\n  }\n}\n@media (min-width:850px) {\n  #map-3184091321 .map-inner {\n    max-width: 30%;\n  }\n}\n<\/style>\n    <\/div>\n\n\t\n\t\t<\/div>\n\t\t\t\t\n<style>\n#col-893051026 > .col-inner {\n  padding: 0px 0px 0px 0px;\n}\n@media (min-width:550px) {\n  #col-893051026 > .col-inner {\n    padding: 0px 30px 0px 0px;\n  }\n}\n<\/style>\n\t<\/div>\n\n\t\n<\/div>\n\t\t<\/div>\n\n\t\t\n<style>\n#section_390896635 {\n  padding-top: 30px;\n  padding-bottom: 30px;\n}\n#section_390896635 .section-bg-overlay {\n  background-color: rgb(0, 0, 0);\n}\n<\/style>\n\t<\/section>\n\t\n","protected":false},"excerpt":{"rendered":"","protected":false},"author":1,"featured_media":0,"parent":0,"menu_order":0,"comment_status":"closed","ping_status":"closed","template":"page-blank.php","meta":{"footnotes":""},"class_list":["post-1443","page","type-page","status-publish","hentry"],"acf":[],"_links":{"self":[{"href":"https:\/\/barn.si\/sl\/wp-json\/wp\/v2\/pages\/1443","targetHints":{"allow":["GET"]}}],"collection":[{"href":"https:\/\/barn.si\/sl\/wp-json\/wp\/v2\/pages"}],"about":[{"href":"https:\/\/barn.si\/sl\/wp-json\/wp\/v2\/types\/page"}],"author":[{"embeddable":true,"href":"https:\/\/barn.si\/sl\/wp-json\/wp\/v2\/users\/1"}],"replies":[{"embeddable":true,"href":"https:\/\/barn.si\/sl\/wp-json\/wp\/v2\/comments?post=1443"}],"version-history":[{"count":5,"href":"https:\/\/barn.si\/sl\/wp-json\/wp\/v2\/pages\/1443\/revisions"}],"predecessor-version":[{"id":1874,"href":"https:\/\/barn.si\/sl\/wp-json\/wp\/v2\/pages\/1443\/revisions\/1874"}],"wp:attachment":[{"href":"https:\/\/barn.si\/sl\/wp-json\/wp\/v2\/media?parent=1443"}],"curies":[{"name":"wp","href":"https:\/\/api.w.org\/{rel}","templated":true}]}}