{"id":1445,"date":"2023-02-14T08:01:41","date_gmt":"2023-02-14T08:01:41","guid":{"rendered":"https:\/\/barn.si\/more-information\/"},"modified":"2023-03-13T13:21:50","modified_gmt":"2023-03-13T13:21:50","slug":"vec-informacij","status":"publish","type":"page","link":"https:\/\/barn.si\/sl\/vec-informacij\/","title":{"rendered":"Ve\u010d informacij"},"content":{"rendered":"\n\t<section class=\"section plant-ban pb-0\" id=\"section_2075518327\">\n\t\t<div class=\"section-bg fill\" >\n\t\t\t<img loading=\"lazy\" decoding=\"async\" width=\"1920\" height=\"353\" src=\"https:\/\/barn.si\/wp-content\/uploads\/2023\/02\/Rectangle-38.png\" class=\"bg\" alt=\"\" srcset=\"https:\/\/barn.si\/wp-content\/uploads\/2023\/02\/Rectangle-38.png 1920w, https:\/\/barn.si\/wp-content\/uploads\/2023\/02\/Rectangle-38-300x55.png 300w, https:\/\/barn.si\/wp-content\/uploads\/2023\/02\/Rectangle-38-1024x188.png 1024w, https:\/\/barn.si\/wp-content\/uploads\/2023\/02\/Rectangle-38-768x141.png 768w, https:\/\/barn.si\/wp-content\/uploads\/2023\/02\/Rectangle-38-1536x282.png 1536w, https:\/\/barn.si\/wp-content\/uploads\/2023\/02\/Rectangle-38-600x110.png 600w\" sizes=\"auto, (max-width: 1920px) 100vw, 1920px\" \/>\t\t\t\t\t\t<div class=\"section-bg-overlay absolute fill\"><\/div>\n\t\t\t\n\n\t\t<\/div>\n\n\t\t\n\n\t\t<div class=\"section-content relative\">\n\t\t\t\n<div class=\"row align-middle pb-0\"  id=\"row-1785679527\">\n\n\t<div id=\"col-544133462\" class=\"col medium-8 small-12 large-9\"  >\n\t\t\t\t<div class=\"col-inner\"  >\n\t\t\t\n\t\t\t\n\t<div id=\"text-1213483042\" class=\"text mobilc-sredinsko\">\n\t\t\n<h1>FAQ<\/h1>\n\t\t\t<\/div>\n\t\n\t\t<\/div>\n\t\t\t\t\n<style>\n#col-544133462 > .col-inner {\n  padding: 0px 0px 0px 0px;\n  margin: 10px 0px -20px 0px;\n}\n@media (min-width:550px) {\n  #col-544133462 > .col-inner {\n    padding: 30px 0px 30px 0px;\n  }\n}\n@media (min-width:850px) {\n  #col-544133462 > .col-inner {\n    padding: 0px 0px 0px 0px;\n  }\n}\n<\/style>\n\t<\/div>\n\n\t\n\n\t<div id=\"col-1938180336\" class=\"col pb-0 hide-for-small medium-3 small-6 large-3\"  >\n\t\t\t\t<div class=\"col-inner text-right\"  >\n\t\t\t\n\t\t\t\n\t<div class=\"img has-hover x md-x lg-x y md-y lg-y\" id=\"image_1393954793\">\n\t\t\t\t\t\t\t\t<div class=\"img-inner dark\" >\n\t\t\t<img loading=\"lazy\" decoding=\"async\" width=\"389\" height=\"449\" src=\"https:\/\/barn.si\/wp-content\/uploads\/2023\/02\/barn-ilustracija.png\" class=\"attachment-original size-original\" alt=\"\" srcset=\"https:\/\/barn.si\/wp-content\/uploads\/2023\/02\/barn-ilustracija.png 389w, https:\/\/barn.si\/wp-content\/uploads\/2023\/02\/barn-ilustracija-260x300.png 260w\" sizes=\"auto, (max-width: 389px) 100vw, 389px\" \/>\t\t\t\t\t\t\n\t\t\t\t\t<\/div>\n\t\t\t\t\t\t\t\t\n<style>\n#image_1393954793 {\n  width: 100%;\n}\n@media (min-width:550px) {\n  #image_1393954793 {\n    width: 50%;\n  }\n}\n<\/style>\n\t<\/div>\n\t\n\t\t<\/div>\n\t\t\t\t\n<style>\n#col-1938180336 > .col-inner {\n  padding: 0px 0px 0px 0px;\n}\n<\/style>\n\t<\/div>\n\n\t\n<\/div>\n\t\t<\/div>\n\n\t\t\n<style>\n#section_2075518327 {\n  padding-top: 10px;\n  padding-bottom: 10px;\n}\n#section_2075518327 .section-bg-overlay {\n  background-color: rgba(0,0,0,.5);\n}\n#section_2075518327 .section-bg img {\n  object-position: 0% 50%;\n}\n@media (min-width:850px) {\n  #section_2075518327 {\n    padding-top: 0px;\n    padding-bottom: 0px;\n  }\n}\n<\/style>\n\t<\/section>\n\t\n\n\t<section class=\"section plant-ban\" id=\"section_465959772\">\n\t\t<div class=\"section-bg fill\" >\n\t\t\t\t\t\t\t\t\t<div class=\"section-bg-overlay absolute fill\"><\/div>\n\t\t\t\n\n\t\t<\/div>\n\n\t\t\n\n\t\t<div class=\"section-content relative\">\n\t\t\t\n<div class=\"row row-collapse align-center\"  id=\"row-1156177287\">\n\n\t<div id=\"col-582644734\" class=\"col medium-12 small-12 large-7\"  >\n\t\t\t\t<div class=\"col-inner\"  >\n\t\t\t\n\t\t\t\n<div class=\"accordion\">\n\t<div id=\"accordion-3843546924\" class=\"accordion-item\">\n\t\t<a id=\"accordion-3843546924-label\" class=\"accordion-title plain\" href aria-expanded=\"false\" aria-controls=\"accordion-3843546924-content\" >\n\t\t\t<button class=\"toggle\" aria-label=\"Toggle\"><i class=\"icon-angle-down\"><\/i><\/button>\n\t\t\t<span>V: Ali so va\u0161a semena konoplje zakonita?<\/span>\n\t\t<\/a>\n\t\t<div id=\"accordion-3843546924-content\" class=\"accordion-inner\" aria-labelledby=\"accordion-3843546924-label\" >\n\t\t\t\n<p>O: Da, na\u0161a semena konoplje so zakonita v mnogih dr\u017eavah, kjer je gojenje konoplje dovoljeno za medicinsko ali osebno uporabo. Vendar je pomembno, da pred nakupom in gojenjem semen konoplje preverite lokalne zakone.<\/p>\n\t\t<\/div>\n\t<\/div>\n\t\n\t<div id=\"accordion-3386064094\" class=\"accordion-item\">\n\t\t<a id=\"accordion-3386064094-label\" class=\"accordion-title plain\" href aria-expanded=\"false\" aria-controls=\"accordion-3386064094-content\" >\n\t\t\t<button class=\"toggle\" aria-label=\"Toggle\"><i class=\"icon-angle-down\"><\/i><\/button>\n\t\t\t<span>V: Kaj so semena konoplje?<\/span>\n\t\t<\/a>\n\t\t<div id=\"accordion-3386064094-content\" class=\"accordion-inner\" aria-labelledby=\"accordion-3386064094-label\" >\n\t\t\t\n<p>O: Semena konoplje so semena rastline konoplje, ki se uporabljajo za gojenje novih rastlin za pridelavo konoplje.<\/p>\n\t\t<\/div>\n\t<\/div>\n\t\n\t<div id=\"accordion-2683851497\" class=\"accordion-item\">\n\t\t<a id=\"accordion-2683851497-label\" class=\"accordion-title plain\" href aria-expanded=\"false\" aria-controls=\"accordion-2683851497-content\" >\n\t\t\t<button class=\"toggle\" aria-label=\"Toggle\"><i class=\"icon-angle-down\"><\/i><\/button>\n\t\t\t<span>V: Katere vrste semen konoplje ponujate?<\/span>\n\t\t<\/a>\n\t\t<div id=\"accordion-2683851497-content\" class=\"accordion-inner\" aria-labelledby=\"accordion-2683851497-label\" >\n\t\t\t\n<p>O: Ponujamo \u0161iroko paleto semen konoplje, vklju\u010dno z navadnimi, feminiziranimi, samocveto\u010dimi semeni, semeni z visoko vsebnostjo CBD in semeni z visoko vsebnostjo THC.<\/p>\n\t\t<\/div>\n\t<\/div>\n\t\n\t<div id=\"accordion-2085248645\" class=\"accordion-item\">\n\t\t<a id=\"accordion-2085248645-label\" class=\"accordion-title plain\" href aria-expanded=\"false\" aria-controls=\"accordion-2085248645-content\" >\n\t\t\t<button class=\"toggle\" aria-label=\"Toggle\"><i class=\"icon-angle-down\"><\/i><\/button>\n\t\t\t<span>V: Kaj so obi\u010dajna semena konoplje?<\/span>\n\t\t<\/a>\n\t\t<div id=\"accordion-2085248645-content\" class=\"accordion-inner\" aria-labelledby=\"accordion-2085248645-label\" >\n\t\t\t\n<p>O: Obi\u010dajna semena konoplje proizvedejo mo\u0161ke in \u017eenske rastline, zaradi \u010desar je treba identificirati in odstraniti mo\u0161ke rastline, da prepre\u010dimo opra\u0161evanje in proizvodnjo semen.<\/p>\n\t\t<\/div>\n\t<\/div>\n\t\n\t<div id=\"accordion-746964634\" class=\"accordion-item\">\n\t\t<a id=\"accordion-746964634-label\" class=\"accordion-title plain\" href aria-expanded=\"false\" aria-controls=\"accordion-746964634-content\" >\n\t\t\t<button class=\"toggle\" aria-label=\"Toggle\"><i class=\"icon-angle-down\"><\/i><\/button>\n\t\t\t<span>V: Kaj so feminizirana semena konoplje?<\/span>\n\t\t<\/a>\n\t\t<div id=\"accordion-746964634-content\" class=\"accordion-inner\" aria-labelledby=\"accordion-746964634-label\" >\n\t\t\t\n<p>O: Feminizirana semena konoplje zagotavljajo samo \u017eenske rastline, kar pridelovalcem olaj\u0161a proizvodnjo visokokakovostnih brstov.<\/p>\n\t\t<\/div>\n\t<\/div>\n\t\n\t<div id=\"accordion-870282254\" class=\"accordion-item\">\n\t\t<a id=\"accordion-870282254-label\" class=\"accordion-title plain\" href aria-expanded=\"false\" aria-controls=\"accordion-870282254-content\" >\n\t\t\t<button class=\"toggle\" aria-label=\"Toggle\"><i class=\"icon-angle-down\"><\/i><\/button>\n\t\t\t<span>V: Kaj so autoflower semena konoplje?<\/span>\n\t\t<\/a>\n\t\t<div id=\"accordion-870282254-content\" class=\"accordion-inner\" aria-labelledby=\"accordion-870282254-label\" >\n\t\t\t\n<p>O: Autoflower semena konoplje so posebej vzgojena za samodejno cvetenje, ne glede na cikel svetlobe, zaradi \u010desar so idealna za gojenje na prostem in v zaprtih prostorih v kraj\u0161ih \u010dasovnih okvirih.<\/p>\n\t\t<\/div>\n\t<\/div>\n\t\n\t<div id=\"accordion-2909564304\" class=\"accordion-item\">\n\t\t<a id=\"accordion-2909564304-label\" class=\"accordion-title plain\" href aria-expanded=\"false\" aria-controls=\"accordion-2909564304-content\" >\n\t\t\t<button class=\"toggle\" aria-label=\"Toggle\"><i class=\"icon-angle-down\"><\/i><\/button>\n\t\t\t<span>V: Kaj so semena konoplje z visoko vsebnostjo CBD?<\/span>\n\t\t<\/a>\n\t\t<div id=\"accordion-2909564304-content\" class=\"accordion-inner\" aria-labelledby=\"accordion-2909564304-label\" >\n\t\t\t\n<p>O: Semena konoplje z visoko vsebnostjo CBD dajejo rastline z vi\u0161jo vsebnostjo kanabidiola (CBD), ki je znan po svojih potencialnih zdravstvenih koristih in nepsihoaktivnih u\u010dinkih.<\/p>\n\t\t<\/div>\n\t<\/div>\n\t\n\t<div id=\"accordion-3031106457\" class=\"accordion-item\">\n\t\t<a id=\"accordion-3031106457-label\" class=\"accordion-title plain\" href aria-expanded=\"false\" aria-controls=\"accordion-3031106457-content\" >\n\t\t\t<button class=\"toggle\" aria-label=\"Toggle\"><i class=\"icon-angle-down\"><\/i><\/button>\n\t\t\t<span>V: Kaj so semena konoplje z visoko vsebnostjo THC?<\/span>\n\t\t<\/a>\n\t\t<div id=\"accordion-3031106457-content\" class=\"accordion-inner\" aria-labelledby=\"accordion-3031106457-label\" >\n\t\t\t\n<p>O: Semena konoplje z visoko vsebnostjo THC dajejo rastline z vi\u0161jo vsebnostjo tetrahidrokanabinola (THC), ki je znan po svojih psihoaktivnih u\u010dinkih in potencialnih zdravstvenih koristih.<\/p>\n\t\t<\/div>\n\t<\/div>\n\t\n\t<div id=\"accordion-1624477244\" class=\"accordion-item\">\n\t\t<a id=\"accordion-1624477244-label\" class=\"accordion-title plain\" href aria-expanded=\"false\" aria-controls=\"accordion-1624477244-content\" >\n\t\t\t<button class=\"toggle\" aria-label=\"Toggle\"><i class=\"icon-angle-down\"><\/i><\/button>\n\t\t\t<span>V: Kako vem, katera semena konoplje izbrati?<\/span>\n\t\t<\/a>\n\t\t<div id=\"accordion-1624477244-content\" class=\"accordion-inner\" aria-labelledby=\"accordion-1624477244-label\" >\n\t\t\t\n<p>O: Izbira semen konoplje je odvisna od va\u0161ih osebnih preferenc, rastnih pogojev in ciljev. Na\u0161a ekipa za pomo\u010d strankam vam lahko pomaga izbrati prava semena za va\u0161e potrebe.<\/p>\n\t\t<\/div>\n\t<\/div>\n\t\n\t<div id=\"accordion-2814091481\" class=\"accordion-item\">\n\t\t<a id=\"accordion-2814091481-label\" class=\"accordion-title plain\" href aria-expanded=\"false\" aria-controls=\"accordion-2814091481-content\" >\n\t\t\t<button class=\"toggle\" aria-label=\"Toggle\"><i class=\"icon-angle-down\"><\/i><\/button>\n\t\t\t<span>V: Kako naro\u010dim semena konoplje?<\/span>\n\t\t<\/a>\n\t\t<div id=\"accordion-2814091481-content\" class=\"accordion-inner\" aria-labelledby=\"accordion-2814091481-label\" >\n\t\t\t\n<p>O: Semena konoplje lahko naro\u010dite preko na\u0161e spletne trgovine, tako da izberete \u017eelena semena in sledite postopku nakupa.<\/p>\n\t\t<\/div>\n\t<\/div>\n\t\n\t<div id=\"accordion-2354289620\" class=\"accordion-item\">\n\t\t<a id=\"accordion-2354289620-label\" class=\"accordion-title plain\" href aria-expanded=\"false\" aria-controls=\"accordion-2354289620-content\" >\n\t\t\t<button class=\"toggle\" aria-label=\"Toggle\"><i class=\"icon-angle-down\"><\/i><\/button>\n\t\t\t<span>V: Kako lahko pla\u010dam svoja semena konoplje?<\/span>\n\t\t<\/a>\n\t\t<div id=\"accordion-2354289620-content\" class=\"accordion-inner\" aria-labelledby=\"accordion-2354289620-label\" >\n\t\t\t\n<p>O: Sprejemamo razli\u010dne na\u010dine pla\u010dila, vklju\u010dno s kreditnimi\/debetnimi karticami, ban\u010dnimi nakazili in kriptovalutami.<\/p>\n\t\t<\/div>\n\t<\/div>\n\t\n\t<div id=\"accordion-3270481293\" class=\"accordion-item\">\n\t\t<a id=\"accordion-3270481293-label\" class=\"accordion-title plain\" href aria-expanded=\"false\" aria-controls=\"accordion-3270481293-content\" >\n\t\t\t<button class=\"toggle\" aria-label=\"Toggle\"><i class=\"icon-angle-down\"><\/i><\/button>\n\t\t\t<span>V: Ali ponujate diskretno embala\u017eo?<\/span>\n\t\t<\/a>\n\t\t<div id=\"accordion-3270481293-content\" class=\"accordion-inner\" aria-labelledby=\"accordion-3270481293-label\" >\n\t\t\t\n<p>O: Da, nudimo diskretno embala\u017eo, da za\u0161\u010ditimo va\u0161o zasebnost in zagotovimo varno dostavo.<\/p>\n\t\t<\/div>\n\t<\/div>\n\t\n\t<div id=\"accordion-4235485630\" class=\"accordion-item\">\n\t\t<a id=\"accordion-4235485630-label\" class=\"accordion-title plain\" href aria-expanded=\"false\" aria-controls=\"accordion-4235485630-content\" >\n\t\t\t<button class=\"toggle\" aria-label=\"Toggle\"><i class=\"icon-angle-down\"><\/i><\/button>\n\t\t\t<span>V: Kako se po\u0161iljajo semena konoplje?<\/span>\n\t\t<\/a>\n\t\t<div id=\"accordion-4235485630-content\" class=\"accordion-inner\" aria-labelledby=\"accordion-4235485630-label\" >\n\t\t\t\n<p>O: Konopljina semena po\u0161iljamo v diskretnem paketu s standardno ali hitro po\u0161to, odvisno od va\u0161e lokacije in preferenc.<\/p>\n\t\t<\/div>\n\t<\/div>\n\t\n\t<div id=\"accordion-3409590132\" class=\"accordion-item\">\n\t\t<a id=\"accordion-3409590132-label\" class=\"accordion-title plain\" href aria-expanded=\"false\" aria-controls=\"accordion-3409590132-content\" >\n\t\t\t<button class=\"toggle\" aria-label=\"Toggle\"><i class=\"icon-angle-down\"><\/i><\/button>\n\t\t\t<span>V: Koliko \u010dasa traja, da prejmem svoja semena konoplje?<\/span>\n\t\t<\/a>\n\t\t<div id=\"accordion-3409590132-content\" class=\"accordion-inner\" aria-labelledby=\"accordion-3409590132-label\" >\n\t\t\t\n<p>O: \u010cas dostave je odvisen od va\u0161e lokacije in na\u010dina po\u0161iljanja, obi\u010dajno traja 3-14 dni za standardno po\u0161iljanje in 1-5 dni za hitro po\u0161iljanje.<\/p>\n\t\t<\/div>\n\t<\/div>\n\t\n\t<div id=\"accordion-98038761\" class=\"accordion-item\">\n\t\t<a id=\"accordion-98038761-label\" class=\"accordion-title plain\" href aria-expanded=\"false\" aria-controls=\"accordion-98038761-content\" >\n\t\t\t<button class=\"toggle\" aria-label=\"Toggle\"><i class=\"icon-angle-down\"><\/i><\/button>\n\t\t\t<span>V: Kak\u0161na je stopnja kalitve va\u0161ih semen konoplje?<\/span>\n\t\t<\/a>\n\t\t<div id=\"accordion-98038761-content\" class=\"accordion-inner\" aria-labelledby=\"accordion-98038761-label\" >\n\t\t\t\n<p>O: Na\u0161a semena konoplje imajo visoko stopnjo kalivosti, okoli 95 %, kar pomeni, da lahko pri\u010dakujete, da bo ve\u010dina semen vzklila in zrasla zdrava rastlina. Preberite tudi navodila za shranjevanje.<\/p>\n\t\t<\/div>\n\t<\/div>\n\t\n\t<div id=\"accordion-3750860784\" class=\"accordion-item\">\n\t\t<a id=\"accordion-3750860784-label\" class=\"accordion-title plain\" href aria-expanded=\"false\" aria-controls=\"accordion-3750860784-content\" >\n\t\t\t<button class=\"toggle\" aria-label=\"Toggle\"><i class=\"icon-angle-down\"><\/i><\/button>\n\t\t\t<span>V: Koliko \u010dasa traja, da semena konoplje vzklijejo?<\/span>\n\t\t<\/a>\n\t\t<div id=\"accordion-3750860784-content\" class=\"accordion-inner\" aria-labelledby=\"accordion-3750860784-label\" >\n\t\t\t\n<p>O: Semena konoplje navadno potrebujejo od 1 do 7 dni, da vzklijejo, odvisno od vrste in rastnih pogojev. Za uspe\u0161no kalitev je pomembno, da semenom zagotovimo ustrezno vlago, toploto in zrak.<\/p>\n\t\t<\/div>\n\t<\/div>\n\t\n\t<div id=\"accordion-4040810904\" class=\"accordion-item\">\n\t\t<a id=\"accordion-4040810904-label\" class=\"accordion-title plain\" href aria-expanded=\"false\" aria-controls=\"accordion-4040810904-content\" >\n\t\t\t<button class=\"toggle\" aria-label=\"Toggle\"><i class=\"icon-angle-down\"><\/i><\/button>\n\t\t\t<span>V: Ali lahko gojim konopljo v zaprtih prostorih?<\/span>\n\t\t<\/a>\n\t\t<div id=\"accordion-4040810904-content\" class=\"accordion-inner\" aria-labelledby=\"accordion-4040810904-label\" >\n\t\t\t\n<p>O: Da, rastline konoplje lahko gojimo v zaprtih prostorih z ustrezno opremo, kot so \u0161otori za gojenje, lu\u010di in prezra\u010devalni sistemi. Toda pred nakupom in gojenjem semen konoplje preverite lokalne zakone.<\/p>\n\t\t<\/div>\n\t<\/div>\n\t\n\t<div id=\"accordion-4188265128\" class=\"accordion-item\">\n\t\t<a id=\"accordion-4188265128-label\" class=\"accordion-title plain\" href aria-expanded=\"false\" aria-controls=\"accordion-4188265128-content\" >\n\t\t\t<button class=\"toggle\" aria-label=\"Toggle\"><i class=\"icon-angle-down\"><\/i><\/button>\n\t\t\t<span>V: Ali lahko gojim rastline konoplje na prostem?<\/span>\n\t\t<\/a>\n\t\t<div id=\"accordion-4188265128-content\" class=\"accordion-inner\" aria-labelledby=\"accordion-4188265128-label\" >\n\t\t\t\n<p>O: Da, rastline konoplje lahko gojimo na prostem. Toda pred nakupom in gojenjem semen konoplje preverite lokalne zakone.<br \/>\nUpamo, da vam bodo ti odgovori pomagali pri vpra\u0161anjih o semenih konoplje! \u010ce imate dodatna vpra\u0161anja, se lahko obrnete na na\u0161o skupino za pomo\u010d strankam.<\/p>\n\t\t<\/div>\n\t<\/div>\n\t\n<\/div>\n\t<div id=\"gap-1796718501\" class=\"gap-element clearfix show-for-medium\" style=\"display:block; height:auto;\">\n\t\t\n<style>\n#gap-1796718501 {\n  padding-top: 50px;\n}\n@media (min-width:550px) {\n  #gap-1796718501 {\n    padding-top: 30px;\n  }\n}\n<\/style>\n\t<\/div>\n\t\n\t\t<\/div>\n\t\t\t\t\n<style>\n#col-582644734 > .col-inner {\n  padding: 0px 10px 0px 10px;\n}\n@media (min-width:550px) {\n  #col-582644734 > .col-inner {\n    padding: 0px 30px 0px 30px;\n  }\n}\n<\/style>\n\t<\/div>\n\n\t\n\n\t<div id=\"col-1573867202\" class=\"col bg-gray medium-11 small-11 large-5\"  >\n\t\t\t\t<div class=\"col-inner\"  >\n\t\t\t\n\t\t\t\n<h3>Kontaktirajte nas<\/h3>\n<p>\u010ce imate \u0161e kak\u0161no vpra\u0161anje, nam ga zastavite preko spodnjega obrazca.<\/p>\n\n<div class=\"wpcf7 no-js\" id=\"wpcf7-f1603-o1\" lang=\"en-US\" dir=\"ltr\">\n<div class=\"screen-reader-response\"><p role=\"status\" aria-live=\"polite\" aria-atomic=\"true\"><\/p> <ul><\/ul><\/div>\n<form action=\"\/sl\/wp-json\/wp\/v2\/pages\/1445#wpcf7-f1603-o1\" method=\"post\" class=\"wpcf7-form init\" aria-label=\"Contact form\" novalidate=\"novalidate\" data-status=\"init\">\n<div style=\"display: none;\">\n<input type=\"hidden\" name=\"_wpcf7\" value=\"1603\" \/>\n<input type=\"hidden\" name=\"_wpcf7_version\" value=\"5.8.6\" \/>\n<input type=\"hidden\" name=\"_wpcf7_locale\" value=\"en_US\" \/>\n<input type=\"hidden\" name=\"_wpcf7_unit_tag\" value=\"wpcf7-f1603-o1\" \/>\n<input type=\"hidden\" name=\"_wpcf7_container_post\" value=\"0\" \/>\n<input type=\"hidden\" name=\"_wpcf7_posted_data_hash\" value=\"\" \/>\n<input type=\"hidden\" name=\"_cf7a__timestamp\" value=\"K2ggIFj0DnWPyuVZefIZLA==\" \/>\n<input type=\"hidden\" name=\"_cf7a_version\" value=\"1.0\" \/>\n<input type=\"hidden\" name=\"_cf7a_address\" value=\"PNHY+Dy14\/JTGycyq9LaLw==\" \/>\n<input type=\"hidden\" name=\"_cf7a_referer\" value=\"TzZ+d\/5Rs6gIMEWTK\/RqcA==\" \/>\n<input type=\"hidden\" name=\"_cf7a_protocol\" value=\"uQVhX+yjoanC+eAc68hI0A==\" \/>\n<input type=\"hidden\" name=\"_wpcf7_recaptcha_response\" value=\"\" \/>\n<input type=\"hidden\" name=\"_cf7a_bot_fingerprint\" value=\"K2ggIFj0DnWPyuVZefIZLA==\" \/>\n<input type=\"hidden\" name=\"_cf7a_bot_fingerprint_extras\" value=\"\" \/>\n<input type=\"hidden\" name=\"_cf7a_append_on_submit\" value=\"\" \/>\n<\/div>\n<p><span class=\"wpcf7-form-control-wrap\" data-name=\"your-name\"><input type=\"text\" name=\"name\" value=\"\" autocomplete=\"fill\" class=\"fit-the-fullspace\" aria-hidden=\"true\" tabindex=\"-1\" \/><input size=\"40\" class=\"wpcf7-form-control wpcf7-text wpcf7-validates-as-required\" autocomplete=\"name\" aria-required=\"true\" aria-invalid=\"false\" placeholder=\"Va\u0161e ime\" value=\"\" type=\"text\" name=\"your-name\" \/><\/span>\n<\/p>\n<p><span class=\"wpcf7-form-control-wrap\" data-name=\"your-email\"><input size=\"40\" class=\"wpcf7-form-control wpcf7-email wpcf7-validates-as-required wpcf7-text wpcf7-validates-as-email\" autocomplete=\"email\" aria-required=\"true\" aria-invalid=\"false\" placeholder=\"Va\u0161 email\" value=\"\" type=\"email\" name=\"your-email\" \/><\/span><br \/>\n<span class=\"wpcf7-form-control-wrap\" data-name=\"your-question\"><textarea cols=\"40\" rows=\"10\" class=\"wpcf7-form-control wpcf7-textarea wpcf7-validates-as-required\" aria-required=\"true\" aria-invalid=\"false\" placeholder=\"Va\u0161e vpra\u0161anje\" name=\"your-question\"><\/textarea><\/span>\n<\/p>\n<p><input class=\"wpcf7-form-control wpcf7-submit has-spinner\" type=\"submit\" value=\"Po\u0161lji\" \/>\n<\/p><input type='hidden' class='wpcf7-pum' value='{\"closepopup\":false,\"closedelay\":0,\"openpopup\":false,\"openpopup_id\":0}' \/><div class=\"wpcf7-response-output\" aria-hidden=\"true\"><\/div>\n<\/form>\n<\/div>\n\n\t\t<\/div>\n\t\t\t\t\n<style>\n#col-1573867202 > .col-inner {\n  padding: 20px 20px 0px 20px;\n}\n@media (min-width:550px) {\n  #col-1573867202 > .col-inner {\n    padding: 20px 20px 20px 20px;\n  }\n}\n<\/style>\n\t<\/div>\n\n\t\n<\/div>\n\t\t<\/div>\n\n\t\t\n<style>\n#section_465959772 {\n  padding-top: 60px;\n  padding-bottom: 60px;\n}\n#section_465959772 .section-bg-overlay {\n  background-color: rgb(0, 0, 0);\n}\n<\/style>\n\t<\/section>\n\t\n","protected":false},"excerpt":{"rendered":"","protected":false},"author":1,"featured_media":0,"parent":0,"menu_order":0,"comment_status":"closed","ping_status":"closed","template":"page-blank.php","meta":{"footnotes":""},"class_list":["post-1445","page","type-page","status-publish","hentry"],"acf":[],"_links":{"self":[{"href":"https:\/\/barn.si\/sl\/wp-json\/wp\/v2\/pages\/1445","targetHints":{"allow":["GET"]}}],"collection":[{"href":"https:\/\/barn.si\/sl\/wp-json\/wp\/v2\/pages"}],"about":[{"href":"https:\/\/barn.si\/sl\/wp-json\/wp\/v2\/types\/page"}],"author":[{"embeddable":true,"href":"https:\/\/barn.si\/sl\/wp-json\/wp\/v2\/users\/1"}],"replies":[{"embeddable":true,"href":"https:\/\/barn.si\/sl\/wp-json\/wp\/v2\/comments?post=1445"}],"version-history":[{"count":5,"href":"https:\/\/barn.si\/sl\/wp-json\/wp\/v2\/pages\/1445\/revisions"}],"predecessor-version":[{"id":1768,"href":"https:\/\/barn.si\/sl\/wp-json\/wp\/v2\/pages\/1445\/revisions\/1768"}],"wp:attachment":[{"href":"https:\/\/barn.si\/sl\/wp-json\/wp\/v2\/media?parent=1445"}],"curies":[{"name":"wp","href":"https:\/\/api.w.org\/{rel}","templated":true}]}}