{"id":1447,"date":"2023-02-13T11:08:50","date_gmt":"2023-02-13T11:08:50","guid":{"rendered":"https:\/\/barn.si\/privacy-policy\/"},"modified":"2023-03-15T07:56:59","modified_gmt":"2023-03-15T07:56:59","slug":"politika-zasebnosti","status":"publish","type":"page","link":"https:\/\/barn.si\/sl\/politika-zasebnosti\/","title":{"rendered":"Politika zasebnosti"},"content":{"rendered":"\n\t<section class=\"section plant-ban pb-0\" id=\"section_414154656\">\n\t\t<div class=\"section-bg fill\" >\n\t\t\t<img loading=\"lazy\" decoding=\"async\" width=\"1920\" height=\"353\" src=\"https:\/\/barn.si\/wp-content\/uploads\/2023\/02\/Rectangle-38.png\" class=\"bg\" alt=\"\" srcset=\"https:\/\/barn.si\/wp-content\/uploads\/2023\/02\/Rectangle-38.png 1920w, https:\/\/barn.si\/wp-content\/uploads\/2023\/02\/Rectangle-38-300x55.png 300w, https:\/\/barn.si\/wp-content\/uploads\/2023\/02\/Rectangle-38-1024x188.png 1024w, https:\/\/barn.si\/wp-content\/uploads\/2023\/02\/Rectangle-38-768x141.png 768w, https:\/\/barn.si\/wp-content\/uploads\/2023\/02\/Rectangle-38-1536x282.png 1536w, https:\/\/barn.si\/wp-content\/uploads\/2023\/02\/Rectangle-38-600x110.png 600w\" sizes=\"auto, (max-width: 1920px) 100vw, 1920px\" \/>\t\t\t\t\t\t<div class=\"section-bg-overlay absolute fill\"><\/div>\n\t\t\t\n\n\t\t<\/div>\n\n\t\t\n\n\t\t<div class=\"section-content relative\">\n\t\t\t\n<div class=\"row align-middle pb-0\"  id=\"row-1934593628\">\n\n\t<div id=\"col-1623724188\" class=\"col medium-8 small-12 large-9\"  >\n\t\t\t\t<div class=\"col-inner\"  >\n\t\t\t\n\t\t\t\n\t<div id=\"text-4027583642\" class=\"text mobilc-sredinsko\">\n\t\t\n<h1>Privacy policy<\/h1>\n\t\t\t<\/div>\n\t\n\t\t<\/div>\n\t\t\t\t\n<style>\n#col-1623724188 > .col-inner {\n  padding: 0px 0px 0px 0px;\n  margin: 10px 0px -20px 0px;\n}\n@media (min-width:550px) {\n  #col-1623724188 > .col-inner {\n    padding: 30px 0px 30px 0px;\n  }\n}\n@media (min-width:850px) {\n  #col-1623724188 > .col-inner {\n    padding: 0px 0px 0px 0px;\n  }\n}\n<\/style>\n\t<\/div>\n\n\t\n\n\t<div id=\"col-613487520\" class=\"col pb-0 hide-for-small medium-3 small-6 large-3\"  >\n\t\t\t\t<div class=\"col-inner text-right\"  >\n\t\t\t\n\t\t\t\n\t<div class=\"img has-hover x md-x lg-x y md-y lg-y\" id=\"image_407001934\">\n\t\t\t\t\t\t\t\t<div class=\"img-inner dark\" >\n\t\t\t<img loading=\"lazy\" decoding=\"async\" width=\"389\" height=\"449\" src=\"https:\/\/barn.si\/wp-content\/uploads\/2023\/02\/barn-ilustracija.png\" class=\"attachment-original size-original\" alt=\"\" srcset=\"https:\/\/barn.si\/wp-content\/uploads\/2023\/02\/barn-ilustracija.png 389w, https:\/\/barn.si\/wp-content\/uploads\/2023\/02\/barn-ilustracija-260x300.png 260w\" sizes=\"auto, (max-width: 389px) 100vw, 389px\" \/>\t\t\t\t\t\t\n\t\t\t\t\t<\/div>\n\t\t\t\t\t\t\t\t\n<style>\n#image_407001934 {\n  width: 100%;\n}\n@media (min-width:550px) {\n  #image_407001934 {\n    width: 50%;\n  }\n}\n<\/style>\n\t<\/div>\n\t\n\t\t<\/div>\n\t\t\t\t\n<style>\n#col-613487520 > .col-inner {\n  padding: 0px 0px 0px 0px;\n}\n<\/style>\n\t<\/div>\n\n\t\n<\/div>\n\t\t<\/div>\n\n\t\t\n<style>\n#section_414154656 {\n  padding-top: 10px;\n  padding-bottom: 10px;\n}\n#section_414154656 .section-bg-overlay {\n  background-color: rgba(0,0,0,.5);\n}\n#section_414154656 .section-bg img {\n  object-position: 0% 50%;\n}\n@media (min-width:850px) {\n  #section_414154656 {\n    padding-top: 0px;\n    padding-bottom: 0px;\n  }\n}\n<\/style>\n\t<\/section>\n\t\n\n\t<section class=\"section plant-ban\" id=\"section_2092720354\">\n\t\t<div class=\"section-bg fill\" >\n\t\t\t\t\t\t\t\t\t<div class=\"section-bg-overlay absolute fill\"><\/div>\n\t\t\t\n\n\t\t<\/div>\n\n\t\t\n\n\t\t<div class=\"section-content relative\">\n\t\t\t\n<div class=\"row pb-0\"  id=\"row-1509612480\">\n\n\t<div id=\"col-765122237\" class=\"col small-12 large-12\"  >\n\t\t\t\t<div class=\"col-inner\"  >\n\t\t\t\n\t\t\t\n<p>Politika zasebnosti velja za varovanje osebnih podatkov, ki jih obdeluje podjetje Limeta doo, Trdinova 4, 1233 Dob, ki upravlja www.barn.si) (v nadaljevanju Barn). Politika na enem mestu pokriva vpra\u0161anja v zvezi z osebnimi podatki in pi\u0161kotki.<\/p>\n<h4>Katere va\u0161e podatke zbiramo?<\/h4>\n<ul>\n<li>Katere va\u0161e podatke zbiramo?<\/li>\n<li>Podatki o pla\u010dilu, kot so podatki o kreditni kartici<\/li>\n<li>Naslovi za po\u0161iljanje in izstavitev ra\u010duna<\/li>\n<li>Zgodovina naro\u010dil in nastavitve<\/li>\n<li>Povratne informacije in komunikacija s strankami<\/li>\n<\/ul>\n<h4>Kako zbiramo va\u0161e podatke?<\/h4>\n<p>Podatke zbiramo in obdelujemo, kadar:<\/p>\n<ul>\n<li>opravite nakup v na\u0161i spletni trgovini;<\/li>\n<li>se naro\u010dite na na\u0161e e-novice;<\/li>\n<li>obi\u0161\u010dete na\u0161o spletno stran s pi\u0161kotkom, ki je dodeljen va\u0161emu brskalniku;<\/li>\n<\/ul>\n<h4>Za kak\u0161en namen bomo uporabljali va\u0161e podatke?<\/h4>\n<p>Va\u0161e podatke zbiramo, da lahko obdelamo va\u0161e naro\u010dilo in vam dostavimo kupljene artikle.<\/p>\n<p>Osebne podatke lahko obdelujemo tudi v tr\u017ene namene, in sicer s posebno privolitvijo posameznika, ki jo lahko kadarkoli prekli\u010de.<\/p>\n<p>Va\u0161ih osebnih podatkov ne razkrivamo nikomur, razen \u010de to zahteva zakon ali \u010de dovolite ali pooblastite tretjo osebo, da od nas prejme va\u0161e podatke. Zaradi zakonskih obveznosti posredujemo nekatere podatke o vas AJPES-u, na upravi\u010deno pisno zahtevo pa tudi drugim dr\u017eavnim organom, ki to od nas zahtevajo.<br \/>Va\u0161e podatke ob\u010dasno v na\u0161em imenu in po na\u0161ih navodilih obdelujejo na\u0161i zunanji izvajalci, ki se zavzemajo za enako ali vi\u0161jo stopnjo varnosti va\u0161ih podatkov.<\/p>\n<p>Zunanji izvajalci va\u0161ih osebnih podatkov ne obdelujejo za lastne namene..<\/p>\n<h4>Kako dolgo hranimo va\u0161e podatke?<\/h4>\n<p>Obdobje hrambe podatkov je odvisno od podlage in namena obdelave osebnih podatkov:<\/p>\n<ul>\n<li>Ve\u010dino va\u0161ih podatkov v zvezi z nakupom bomo hranili \u0161e pet let po prenehanju pogodbe.<\/li>\n<li>Podatke, navedene na ra\u010dunih, hranimo 10 let po preteku leta, na katerega se ra\u010dun nana\u0161a, v skladu z dav\u010dnimi predpisi.<\/li>\n<li>V primeru osebne privolitve (npr. ob prijavi na e-novice) podatke hranimo do preklica privolitve.<\/li>\n<li>Va\u0161e osebne podatke lahko izjemoma obdelujemo dlje, \u010de to zahteva veljavna zakonodaja v Republiki Sloveniji.<\/li>\n<\/ul>\n<h4>Tr\u017eenje<\/h4>\n<p>Na na\u0161i spletni strani imate mo\u017enost izbrati soglasje za uporabo va\u0161ih podatkov v marketin\u0161ke namene (po\u0161iljanje e-novic, kot so novice, posebne akcije itd.). Od teh novic se lahko kadarkoli odjavite prek komunikacijskega kanala, kjer ste prejeli sporo\u010dilo. Va\u0161e osebne podatke bomo hranili do preklica soglasja.<\/p>\n<h4>Kak\u0161ne so va\u0161e pravice do varstva podatkov?<\/h4>\n<ul>\n<li><span style=\"font-weight: 400;\">Pravica do dostopa \u2013 imate pravico zahtevati kopije svojih osebnih podatkov. Za to vam lahko zara\u010dunamo manj\u0161e administrativne stro\u0161ke.<\/span><\/li>\n<li><span style=\"font-weight: 400;\">Pravica do izbrisa &#8211; Pod dolo\u010denimi pogoji imate pravico zahtevati, da izbri\u0161emo va\u0161e osebne podatke.<\/span><\/li>\n<li>Pravica do popravka \u2013 pravico imate zahtevati, da popravimo vse podatke, za katere menite, da so neto\u010dni. Prav tako imate pravico zahtevati, da dopolnimo podatke, za katere menite, da so nepopolni.<\/li>\n<li><span style=\"font-weight: 400;\">Pravica do omejitve obdelave \u2013 imate pravico zahtevati, da pod dolo\u010denimi pogoji omejimo obdelavo va\u0161ih osebnih podatkov.<\/span><\/li>\n<li><span style=\"font-weight: 400;\">Pravica do ugovora obdelavi \u2013 pod dolo\u010denimi pogoji imate pravico do ugovora na\u0161i obdelavi va\u0161ih osebnih podatkov..<\/span><\/li>\n<li><span style=\"font-weight: 400;\">Pravica do prenosljivosti podatkov \u2013 imate pravico zahtevati, da podatke, ki smo jih zbrali, pod dolo\u010denimi pogoji prenesemo na drugo organizacijo ali neposredno vam.<\/span><\/li>\n<li>V primeru zahtev imamo en mesec \u010dasa, da vam odgovorimo. \u010ce \u017eelite uveljavljati katero od teh pravic, nas kontaktirajte na e-naslov: info@barn.si.<\/li>\n<\/ul>\n<h4>Politika zasebnosti drugih spletnih mest<\/h4>\n<p><span style=\"font-weight: 400;\">Spletno mesto Barn.si lahko vsebuje povezave do drugih spletnih mest. Politika zasebnosti velja samo za na\u0161o spletno stran, zato, ko kliknete povezavo do druge spletne strani, upo\u0161tevajte njihovo politiko zasebnosti. Nismo odgovorni za prakse zasebnosti drugih spletnih mest ali vsebino takih spletnih mest.<\/span><\/p>\n<h4><span style=\"font-weight: 400;\">Kaj so pi\u0161kotki in zakaj jih uporabljamo?<\/span><\/h4>\n<p><span style=\"font-weight: 400;\">Pi\u0161kotki so majhne datoteke, ki jih namestimo v va\u0161 brskalnik in zbirajo dolo\u010dene informacije o va\u0161em obisku na\u0161e spletne strani. Uporabljamo jih za izbolj\u0161anje va\u0161e uporabni\u0161ke izku\u0161nje.<\/span><\/p>\n<h4><span style=\"font-weight: 400;\">Katere vrste pi\u0161kotkov uporabljamo?<\/span><\/h4>\n<p>Obstaja ve\u010d razli\u010dnih vrst pi\u0161kotkov, na\u0161a spletna stran pa uporablja:<\/p>\n<p>Pi\u0161kotki za sledenje funkcionalnosti: ti nam omogo\u010dajo, da vas prepoznamo na na\u0161i spletni strani in si zapomnimo va\u0161e prej\u0161nje nastavitve. To lahko vklju\u010duje va\u0161e jezikovne in lokacijske nastavitve. Uporabljajo se tako lastni kot pi\u0161kotki tretjih oseb.<\/p>\n<p><span style=\"font-weight: 400;\">Ogla\u0161evalski pi\u0161kotki: Ti zbirajo podatke o va\u0161em obisku na\u0161ega spletnega mesta, vsebini, ki ste si jo ogledali, povezavah, ki ste jim sledili, ter informacije o va\u0161em brskalniku, napravi in \u200b\u200bnaslovu IP. Nekatere omejene vidike teh podatkov lahko delimo s tretjimi osebami za namene ogla\u0161evanja. Spletne podatke, zbrane prek pi\u0161kotkov, lahko delimo tudi z na\u0161imi ogla\u0161evalskimi partnerji. To pomeni, da lahko ob obisku drugih spletnih mest vidite na\u0161e oglase na podlagi podatkov, zbranih na na\u0161i spletni strani<\/span><span style=\"font-weight: 400;\">.<\/span><\/p>\n<h4><span style=\"font-weight: 400;\">Kako upravljamo s pi\u0161kotki?<\/span><\/h4>\n<p><span style=\"font-weight: 400;\">Brskalnik lahko nastavite tako, da ne sprejema pi\u0161kotkov. Vendar pa lahko to povzro\u010di nekaj te\u017eav.<\/span><\/p>\n<h4>Katere pi\u0161kotke zbiramo<\/h4>\n<table>\n<tbody>\n<tr>\n<td>Pi\u0161kotek<\/td>\n<td>Funkcionalnost<\/td>\n<td>Veljavnost<\/td>\n<td>Avtor<\/td>\n<\/tr>\n<tr>\n<td>PH_HPXY_CHECK<\/td>\n<td>Ta pi\u0161kotek se uporablja za shranjevanje informacij o trenutni seji.<\/td>\n<td>Sejni<\/td>\n<td>PHP<\/td>\n<\/tr>\n<tr>\n<td>cookieyes-consent<\/td>\n<td>CookieYes nastavi ta pi\u0161kotek, da si zapomni nastavitve soglasja uporabnikov, tako da se njihove nastavitve upo\u0161tevajo pri njihovih nadaljnjih obiskih tega spletnega mesta. Ne zbira in ne shranjuje nobenih osebnih podatkov obiskovalcev spletnega mesta.<\/td>\n<td>1 leto<\/td>\n<td>CookieYes<\/td>\n<\/tr>\n<tr>\n<td>CONSENT<\/td>\n<td>YouTube nastavi ta pi\u0161kotek prek vdelanih youtube videoposnetkov in bele\u017ei anonimne statisti\u010dne podatke.<\/td>\n<td>2 leti<\/td>\n<td>Youtube<\/td>\n<\/tr>\n<tr>\n<td>_ga_*<\/td>\n<td>Google Analytics nastavi ta pi\u0161kotek za shranjevanje in \u0161tetje ogledov strani.<\/td>\n<td>Funkcionalen<\/td>\n<td>WordPress<\/td>\n<\/tr>\n<tr>\n<td>wp-settings-time<\/td>\n<td>za shranjevanje uporabni\u0161kih nastavitev<\/td>\n<td>Funkcionalen<\/td>\n<td>WordPress<\/td>\n<\/tr>\n<\/tbody>\n<\/table>\n<h4>Spremembe pravilnika o zasebnosti<\/h4>\n<p><span style=\"font-weight: 400;\">Na tem spletnem mestu redno pregledujemo in objavljamo vse posodobitve na\u0161ega pravilnika o zasebnosti.<\/span><\/p>\n<h4>Kako nas kontaktirati?<\/h4>\n<p><span style=\"font-weight: 400;\">\u010ce imate kakr\u0161na koli vpra\u0161anja o na\u0161i Politiki zasebnosti, podatkih, ki jih imamo o vas, ali \u010de \u017eelite uveljavljati svoje pravice do varstva podatkov, nas kontaktirajte preko e-po\u0161te: info@Barn.si Katere pi\u0161kotke zbiramo.<\/span><\/p>\n\t\t<\/div>\n\t\t\t\t\n<style>\n#col-765122237 > .col-inner {\n  padding: 0px 10px 0px 10px;\n}\n@media (min-width:550px) {\n  #col-765122237 > .col-inner {\n    padding: 0px 30px 0px 30px;\n  }\n}\n<\/style>\n\t<\/div>\n\n\t\n<\/div>\n\t\t<\/div>\n\n\t\t\n<style>\n#section_2092720354 {\n  padding-top: 60px;\n  padding-bottom: 60px;\n}\n#section_2092720354 .section-bg-overlay {\n  background-color: rgb(0, 0, 0);\n}\n<\/style>\n\t<\/section>\n\t\n","protected":false},"excerpt":{"rendered":"","protected":false},"author":1,"featured_media":0,"parent":0,"menu_order":0,"comment_status":"closed","ping_status":"open","template":"page-blank.php","meta":{"footnotes":""},"class_list":["post-1447","page","type-page","status-publish","hentry"],"acf":[],"_links":{"self":[{"href":"https:\/\/barn.si\/sl\/wp-json\/wp\/v2\/pages\/1447","targetHints":{"allow":["GET"]}}],"collection":[{"href":"https:\/\/barn.si\/sl\/wp-json\/wp\/v2\/pages"}],"about":[{"href":"https:\/\/barn.si\/sl\/wp-json\/wp\/v2\/types\/page"}],"author":[{"embeddable":true,"href":"https:\/\/barn.si\/sl\/wp-json\/wp\/v2\/users\/1"}],"replies":[{"embeddable":true,"href":"https:\/\/barn.si\/sl\/wp-json\/wp\/v2\/comments?post=1447"}],"version-history":[{"count":5,"href":"https:\/\/barn.si\/sl\/wp-json\/wp\/v2\/pages\/1447\/revisions"}],"predecessor-version":[{"id":1865,"href":"https:\/\/barn.si\/sl\/wp-json\/wp\/v2\/pages\/1447\/revisions\/1865"}],"wp:attachment":[{"href":"https:\/\/barn.si\/sl\/wp-json\/wp\/v2\/media?parent=1447"}],"curies":[{"name":"wp","href":"https:\/\/api.w.org\/{rel}","templated":true}]}}