{"id":1769,"date":"2023-03-09T08:05:03","date_gmt":"2023-03-09T08:05:03","guid":{"rendered":"https:\/\/barn.si\/?page_id=1769"},"modified":"2023-03-15T08:12:15","modified_gmt":"2023-03-15T08:12:15","slug":"splosni-pogoji-poslovanja","status":"publish","type":"page","link":"https:\/\/barn.si\/sl\/splosni-pogoji-poslovanja\/","title":{"rendered":"Splo\u0161ni pogoji poslovanja"},"content":{"rendered":"\n\t<section class=\"section plant-ban pb-0\" id=\"section_1075559744\">\n\t\t<div class=\"section-bg fill\" >\n\t\t\t<img loading=\"lazy\" decoding=\"async\" width=\"1920\" height=\"353\" src=\"https:\/\/barn.si\/wp-content\/uploads\/2023\/02\/Rectangle-38.png\" class=\"bg\" alt=\"\" srcset=\"https:\/\/barn.si\/wp-content\/uploads\/2023\/02\/Rectangle-38.png 1920w, https:\/\/barn.si\/wp-content\/uploads\/2023\/02\/Rectangle-38-300x55.png 300w, https:\/\/barn.si\/wp-content\/uploads\/2023\/02\/Rectangle-38-1024x188.png 1024w, https:\/\/barn.si\/wp-content\/uploads\/2023\/02\/Rectangle-38-768x141.png 768w, https:\/\/barn.si\/wp-content\/uploads\/2023\/02\/Rectangle-38-1536x282.png 1536w, https:\/\/barn.si\/wp-content\/uploads\/2023\/02\/Rectangle-38-600x110.png 600w\" sizes=\"auto, (max-width: 1920px) 100vw, 1920px\" \/>\t\t\t\t\t\t<div class=\"section-bg-overlay absolute fill\"><\/div>\n\t\t\t\n\n\t\t<\/div>\n\n\t\t\n\n\t\t<div class=\"section-content relative\">\n\t\t\t\n<div class=\"row align-middle pb-0\"  id=\"row-1838851745\">\n\n\t<div id=\"col-2049137277\" class=\"col medium-8 small-12 large-9\"  >\n\t\t\t\t<div class=\"col-inner\"  >\n\t\t\t\n\t\t\t\n\t<div id=\"text-4061478766\" class=\"text mobilc-sredinsko\">\n\t\t\n<h1>Splo\u0161ni pogoji poslovanja<\/h1>\n\t\t\t<\/div>\n\t\n\t\t<\/div>\n\t\t\t\t\n<style>\n#col-2049137277 > .col-inner {\n  padding: 0px 0px 0px 0px;\n  margin: 10px 0px -20px 0px;\n}\n@media (min-width:550px) {\n  #col-2049137277 > .col-inner {\n    padding: 30px 0px 30px 0px;\n  }\n}\n@media (min-width:850px) {\n  #col-2049137277 > .col-inner {\n    padding: 0px 0px 0px 0px;\n  }\n}\n<\/style>\n\t<\/div>\n\n\t\n\n\t<div id=\"col-1450157181\" class=\"col pb-0 hide-for-small medium-3 small-6 large-3\"  >\n\t\t\t\t<div class=\"col-inner text-right\"  >\n\t\t\t\n\t\t\t\n\t<div class=\"img has-hover x md-x lg-x y md-y lg-y\" id=\"image_1943297234\">\n\t\t\t\t\t\t\t\t<div class=\"img-inner dark\" >\n\t\t\t<img loading=\"lazy\" decoding=\"async\" width=\"389\" height=\"449\" src=\"https:\/\/barn.si\/wp-content\/uploads\/2023\/02\/barn-ilustracija.png\" class=\"attachment-original size-original\" alt=\"\" srcset=\"https:\/\/barn.si\/wp-content\/uploads\/2023\/02\/barn-ilustracija.png 389w, https:\/\/barn.si\/wp-content\/uploads\/2023\/02\/barn-ilustracija-260x300.png 260w\" sizes=\"auto, (max-width: 389px) 100vw, 389px\" \/>\t\t\t\t\t\t\n\t\t\t\t\t<\/div>\n\t\t\t\t\t\t\t\t\n<style>\n#image_1943297234 {\n  width: 100%;\n}\n@media (min-width:550px) {\n  #image_1943297234 {\n    width: 50%;\n  }\n}\n<\/style>\n\t<\/div>\n\t\n\t\t<\/div>\n\t\t\t\t\n<style>\n#col-1450157181 > .col-inner {\n  padding: 0px 0px 0px 0px;\n}\n<\/style>\n\t<\/div>\n\n\t\n<\/div>\n\t\t<\/div>\n\n\t\t\n<style>\n#section_1075559744 {\n  padding-top: 10px;\n  padding-bottom: 10px;\n}\n#section_1075559744 .section-bg-overlay {\n  background-color: rgba(0,0,0,.5);\n}\n#section_1075559744 .section-bg img {\n  object-position: 0% 50%;\n}\n@media (min-width:850px) {\n  #section_1075559744 {\n    padding-top: 0px;\n    padding-bottom: 0px;\n  }\n}\n<\/style>\n\t<\/section>\n\t\n\n\t<section class=\"section plant-ban\" id=\"section_965011646\">\n\t\t<div class=\"section-bg fill\" >\n\t\t\t\t\t\t\t\t\t<div class=\"section-bg-overlay absolute fill\"><\/div>\n\t\t\t\n\n\t\t<\/div>\n\n\t\t\n\n\t\t<div class=\"section-content relative\">\n\t\t\t\n<div class=\"row pb-0\"  id=\"row-1443795444\">\n\n\t<div id=\"col-489154430\" class=\"col small-12 large-12\"  >\n\t\t\t\t<div class=\"col-inner\"  >\n\t\t\t\n\t\t\t\n<h4>POGOJI POSLOVANJA<\/h4>\n<p>Splo\u0161ni pogoji spletne prodaje trgovine Barn.si so sestavljeni v skladu z Zakonom o varstvu potro\u0161nikov, Zakonom o varstvu osebnih podatkov in Zakonom o elektronskih komunikacijah.<\/p>\n<p>Spletno trgovino barn.si upravlja podjetje Limeta doo, Trdinova ulica 4, 1233 Dob pri Dom\u017ealah, mati\u010dna \u0161tevilka: 8094306000, dav\u010dna \u0161tevilka: SI 59440767, ki je tudi ponudnik storitev e-poslovanja.<\/p>\n<p>Kupca zavezujejo splo\u0161ni pogoji, veljavni v trenutku nakupa (oddaje spletnega naro\u010dila).<\/p>\n<p>Uporabnik je ob oddaji naro\u010dila posebej opozorjen na splo\u0161ne pogoje poslovanja in z oddajo naro\u010dila potrdi svojo seznanjenost z njimi.<\/p>\n<h4>Vrste uporabnikov<\/h4>\n<p>Pravico do nakupa v spletni trgovini barn.si ima vsak, ki se odlo\u010di za nakup preko spletne trgovine.<\/p>\n<h4>DOSTOPNOST INFORMACIJ<\/h4>\n<p>Ponudnik se zavezuje, da bo kupcu vedno posredoval naslednje podatke:<\/p>\n<ul>\n<li>Poslovna identiteta<\/li>\n<li>Kontaktni podatki, ki jih uporabnik potrebuje za hitro in u\u010dinkovito komunikacijo<\/li>\n<li>Bistvene lastnosti izdelkov ali storitev<\/li>\n<li>Razpolo\u017eljivost izdelkov<\/li>\n<li>Na\u010din pla\u010dila in dostave<\/li>\n<li>\u010casovna omejitev ponudbe<\/li>\n<li>Pojasnilo prito\u017ebenega postopka, vklju\u010dno z vsemi kontaktnimi podatki za stike s strankami.<\/li>\n<\/ul>\n<h4>PONUDBA IZDELKOV IN CENE<\/h4>\n<p>Zaradi narave spletnega poslovanja se ponudba in cene v spletni trgovini barn.si pogosto ne spreminjajo. Cene veljajo v trenutku naro\u010dila in nimajo nadaljnje veljavnosti.<\/p>\n<h4>NARO\u010cILO<\/h4>\n<p>Kupoprodajna pogodba med ponudnikom in kupcem je v spletni trgovini barn.si sklenjena v trenutku, ko ponudnik kupcu po\u0161lje elektronsko sporo\u010dilo s potrditvijo naro\u010dila. Od tega trenutka so vse cene in drugi pogoji fiksirani in veljajo tako za ponudnika kot za kupca.<\/p>\n<p>Naro\u010dilo je v elektronski obliki shranjeno na stre\u017eniku ponudnika in je potro\u0161niku na voljo na podlagi njegove pisne zahteve.<\/p>\n<h4>NA\u010cINI PLA\u010cILA<\/h4>\n<p>Ponudnik omogo\u010da naslednje na\u010dine pla\u010dila:<\/p>\n<ul>\n<li>Po predra\u010dunu na ra\u010dun upravnika, Limet d.o.o., Trdinova ulica 4, 1233 Dob pri Dom\u017ealah.<\/li>\n<li>S kriptovalutami<\/li>\n<li>S pla\u010dilom ali kreditno kartico<\/li>\n<\/ul>\n<h4>IZDAJA RA\u010cUNA<\/h4>\n<p>Po dostavi naro\u010denih izdelkov ponudnik kupcu po\u0161lje tudi ra\u010dun.<\/p>\n<p>Cena in vsi stro\u0161ki v zvezi z nakupom so navedeni na ra\u010dunu.<\/p>\n<p>Kupec je dol\u017ean pred oddajo naro\u010dila preveriti pravilnost podatkov. Kasneje podanih ugovorov glede pravilnosti izdanih ra\u010dunov ne upo\u0161tevamo.<\/p>\n<h4>POSTOPEK NAKUPA<\/h4>\n<p>Na spletni strani www.barn.si izberete \u017eeleni izdelek in ga s klikom na gumb dodate v ko\u0161arico.<\/p>\n<p>V ko\u0161arici so vidni vsi izdelki v nakupovalni ko\u0161arici. \u0160tevilo izdelkov v ko\u0161arici lahko popravite ali izdelke v celoti odstranite iz ko\u0161arice. Z nakupom lahko nadaljujete ali kliknete na gumb poleg naro\u010dila.<\/p>\n<p>Izpolniti je potrebno podatke o pla\u010dniku, ki jih potrebujemo za potrditev naro\u010dila in izdelavo ra\u010duna. Ob podatkovnem obrazcu je va\u0161e naro\u010dilo ponovno jasno raz\u010dlenjeno. Na koncu izberete na\u010din pla\u010dila s klikom nanj. Pred zaklju\u010dkom nakupa je potrebno potrditi, da se strinjate s pogoji poslovanja. Nakup zaklju\u010dite s klikom na gumb \u00bbZaklju\u010di nakup\u00ab.<\/p>\n<p>\u010ce je bilo naro\u010dilo uspe\u0161no sprejeto, se na spletni strani izpi\u0161e besedilo &#8220;Va\u0161e naro\u010dilo je bilo sprejeto&#8221;. Na va\u0161 e-po\u0161tni naslov vam bomo poslali potrditveno obvestilo, da je bilo naro\u010dilo sprejeto, ter podrobnosti va\u0161ega naro\u010dila in pla\u010dila.<\/p>\n<h4>POSTOPEK OBVE\u0160\u010cANJA O NAKUPU<\/h4>\n<p>Po oddaji naro\u010dila kupec po elektronski po\u0161ti prejme obvestilo, da je naro\u010dilo sprejeto. Kupcu so na spletni strani ponudnika vedno na voljo iz\u010drpni podatki o vsebini naro\u010dila. Ponudnik naro\u010dilo pregleda, preveri dobavljivost naro\u010denega asortimana ter naro\u010dilo potrdi ali z razlogom zavrne. Ponudnik lahko za preverjanje podatkov ali zagotavljanja to\u010dnosti dobave pokli\u010de kupca na njegovo kontaktno telefonsko \u0161tevilko. Pri dobavi izdelkov, ki jih ponudnik nima na zalogi v svojem skladi\u0161\u010du, je ponudnik vezan izklju\u010dno na terminski plan svojega dobavitelja in \u010das, v katerem lahko ta dobavitelj dostavi izdelek ponudniku. Ponudnik kupca preko elektronske po\u0161te sproti obve\u0161\u010da o a\u017eurnosti dostave izdelkov. \u010ce je dobavni rok zelo dolg in kupec ne \u017eeli \u010dakati, lahko kupec to sporo\u010di ponudniku, ki bo izdelek odstranil iz naro\u010dila in kupcu vrnil morebitna \u017ee vpla\u010dana sredstva, ostale izdelke iz naro\u010dila pa dostavil na po izbiri kupca ali prekli\u010de celotno naro\u010dilo. Ponudnik ne prevzema nobene odgovornosti za \u0161kodo, nastalo zaradi dalj\u0161ih dobavnih rokov ali ne-dobave izdelkov, ki jih ponudnik nima na zalogi v lastnem skladi\u0161\u010du.<\/p>\n<h4>ODGOVORNOST ZA STVARNE NAPAKE<\/h4>\n<p>Stvarna napaka nastane, kadar:<\/p>\n<p>Izdelek nima lastnosti, ki so potrebne za normalno uporabo ali promet.<\/p>\n<p>Izdelek nima lastnosti, ki so potrebne za specifi\u010dno uporabo, za katero ga kupec kupuje, ki pa je prodajalec vedel ali bi moral vedeti.<\/p>\n<p>Izdelek nima lastnosti in lastnosti, ki so bile izrecno ali mol\u010de dogovorjene ali predpisane.<\/p>\n<p>Prodajalec je dostavil izdelek, ki se ne ujema z vzorcem ali modelom, razen \u010de je bil vzorec ali model prikazan zgolj zaradi obvestila.<\/p>\n<p>Ustreznost izdelka se preverja z drugim, brezhibnim istovrstnim izdelkom in hkrati z izjavami proizvajalca oziroma navedbami na samem izdelku.<\/p>\n<p>Glede na to, da se v spletni prodaji v ve\u010dini primerov ponujajo izdelki kot zbirateljski predmeti, ki so po odprtju lahko kontaminirani, pogoje za uveljavljanje pravice iz naslova stvarne napake natan\u010dneje urejata Zakon o varstvu potro\u0161nikov in Pravilnik o prehranskih dopolnilih.<\/p>\n<p>Prehranska dopolnila, ki so zapustila prostore ponudnika in jih je kupec prevzel, se ne vra\u010dajo ponudniku (43. \u010dlen Zakona o varstvu potro\u0161nikov).<\/p>\n<h4>DOSTAVA<\/h4>\n<p>Blago, naro\u010deno v spletni trgovini barn.si, odpremimo v najkraj\u0161em mo\u017enem \u010dasu (obi\u010dajno 2\u20133 delovne dni od naro\u010dila).<\/p>\n<p>O morebitnih dalj\u0161ih dobavnih rokih vas bomo obve\u0161\u010dali po elektronski po\u0161ti. \u010ce vam dalj\u0161i dobavni rok ne ustreza, imate mo\u017enost nakupa izdelkov v na\u0161ih fizi\u010dnih poslovalnicah.<\/p>\n<p>General Logistics Systems d.o.o. poskrbi za dostavo, najve\u010dkrat naslednji delovni dan od dneva odpreme, najkasneje pa v treh delovnih dneh, na obmo\u010dju Slovenije in izven meja Republike Slovenije, v skladu s pogoji poslovanja General Logistics Systems d.o.o.<\/p>\n<h4>VRA\u010cILO IZDELKOV<\/h4>\n<p>Ker gre pri izdelkih ve\u010dinoma za zbirateljske predmete, ki so po odprtju lahko kontaminirani, je na podlagi Zakona o varstvu potro\u0161nikov njihovo vra\u010dilo po odhodu iz na\u0161ih prostorov nemogo\u010de.<\/p>\n<p>Varstvo osebnih podatkov<\/p>\n<p>Ponudnik Limeta d.o.o. se zavezuje k trajnemu varovanju osebnih podatkov uporabnikov v skladu z ZVOP-1.<\/p>\n<p>Ponudnik navedene osebne podatke uporablja izklju\u010dno za namene izpolnitve naro\u010dila in ostalo potrebno komunikacijo s stranko.<\/p>\n<p>Uporabnikovi podatki v nobenem primeru ne bodo posredovani nepoobla\u0161\u010denim osebam. Za varovanje osebnih podatkov je odgovoren tudi uporabnik sam, in sicer tako, da poskrbi za varnost svojega elektronskega naslova, uporabni\u0161kega imena in gesla ter ustrezno programsko za\u0161\u010dito svojega ra\u010dunalnika.<\/p>\n<h4>KOMUNIKACIJA<\/h4>\n<p>Ponudnik bo z uporabnikom stopil v stik preko sredstev komunikacij na daljavo, le \u010de temu uporabnik izrecno ne nasprotuje in v skladu z dolo\u010dili ZEKom-1. Oglasna elektronska in\/ali SMS sporo\u010dila bodo vsebovala naslednje sestavine:<\/p>\n<p>Jasno in nedvoumno bodo ozna\u010dena kot oglasna sporo\u010dila.<\/p>\n<p>Po\u0161iljatelj bo jasno viden.<\/p>\n<p>Kot take bodo ozna\u010dene razli\u010dne akcije, promocije in druge marketin\u0161ke tehnike.<\/p>\n<p>Prav tako bodo jasno opredeljeni pogoji sodelovanja v njih:<\/p>\n<p>Nazorno bo predstavljen na\u010din odjave od prejemanja oglasnih sporo\u010dil.<\/p>\n<p>Ponudnik bo \u017eeljo uporabnika, da ne \u017eeli prejemati oglasnih sporo\u010dil, izrecno spo\u0161toval.<\/p>\n<h4>OMEJITEV ODGOVORNOSTI<\/h4>\n<p>Ponudnik se po svojih najbolj\u0161ih mo\u010deh trudi zagotoviti a\u017eurnost in pravilnost podatkov, objavljenih na njegovih spletnih straneh. Kljub temu pa se lahko lastnosti izdelkov, rok dobave ali cena spremenijo tako hitro, da ponudnik v\u010dasih ne uspe popraviti podatkov na spletnih straneh. V takem primeru bo ponudnik kupca obvestil o spremembah in mu omogo\u010dil odstop od pogodbe.<\/p>\n<h4>IZKLJU\u010cITEV ODGOVORNOSTI<\/h4>\n<p>Pridr\u017eujemo si pravico onemogo\u010diti spletno stran ali dostop do nje zaradi tehni\u010dnih ali drugih te\u017eav in vzdr\u017eevanja, kar pomeni tudi onemogo\u010danje ali oviranje uporabe spletne trgovine. Ne odgovarjamo za povra\u010dilo morebitne \u0161kode ali stro\u0161kov, ki bi stranki nastali zaradi prenehanja, nedelovanja ali ovir pri delovanju spletne strani. Ne jam\u010dimo za to\u010dnost, popolnost ali pravilnost vsebine, objavljene na spletnem mestu, niti ne prevzemamo odgovornosti za morebitno \u0161kodo, ki bi jo utrpeli zaradi zana\u0161anja na objavljeno vsebino. V primeru tehni\u010dnih te\u017eav na spletni strani si pridr\u017eujemo pravico preklicati naro\u010dila, na katera je vplivala tehni\u010dna napaka, in ne prevzemamo nobene od\u0161kodninske odgovornosti za morebitno \u0161kodo v zvezi z vami. V primeru preklica naro\u010dila vas bomo o tem obvestili v najkraj\u0161em mo\u017enem \u010dasu in vas obvestili o nadaljnjih korakih. Nismo odgovorni za kakr\u0161no koli \u0161kodo, ki lahko nastane na va\u0161i strojni, programski ali drugi opremi zaradi uporabe spletnega mesta. Sami morate zagotoviti ustrezno za\u0161\u010dito opreme pred dostopnostjo spletne strani in njeno uporabo. Kupec mora zagotoviti ustrezno varnost in zaupnost podatkov, ki jih uporablja za prijavo na spletno mesto. Ne odgovarjamo za morebitno \u0161kodo, ki bi lahko nastala stranki zaradi nepoobla\u0161\u010denega razkritja ali uporabe registracijskih podatkov.<\/p>\n<h4>PRITO\u017dBE IN SPORI<\/h4>\n<p>Ponudnik spo\u0161tuje veljavno zakonodajo o varstvu potro\u0161nikov. Ponudnik se po vseh mo\u010deh trudi izpolnjevati svojo dol\u017enost vzpostaviti u\u010dinkovit sistem obravnavanja prito\u017eb in dolo\u010diti osebo, s katero se, v primeru te\u017eav, kupec lahko pove\u017ee telefonsko ali po elektronski po\u0161ti.<\/p>\n<p>Prito\u017eba se odda prek e-po\u0161tnega naslova info@barn.si. Prito\u017ebeni postopek je zaupen. Ponudnik bo v petih delovnih dneh potrdil, da je prejel prito\u017ebo, sporo\u010dil kupcu, kako dolgo jo bo obravnaval in ga vseskozi obve\u0161\u010dal o poteku postopka.<\/p>\n<p>Ponudnik se zaveda, da je bistvena zna\u010dilnost potro\u0161ni\u0161kega spora, vsaj kar zadeva sodno re\u0161evanje, nesorazmernost med ekonomsko vrednostjo zahtevka in stro\u0161ki, ki nastanejo pri re\u0161evanju samega spora. To je tudi glavna ovira, da potro\u0161nik ne spro\u017ei spora pred sodi\u0161\u010dem. Zato si ponudnik prizadeva po svojih najbolj\u0161ih mo\u010deh, da se morebitni spori re\u0161ijo sporazumno.<\/p>\n<p>V primerih sodnega re\u0161evanja sporov je pristojno sodi\u0161\u010de po stalnem sede\u017eu ponudnika.<\/p>\n\t\t<\/div>\n\t\t\t\t\n<style>\n#col-489154430 > .col-inner {\n  padding: 0px 10px 0px 10px;\n}\n@media (min-width:550px) {\n  #col-489154430 > .col-inner {\n    padding: 0px 30px 0px 30px;\n  }\n}\n<\/style>\n\t<\/div>\n\n\t\n<\/div>\n\t\t<\/div>\n\n\t\t\n<style>\n#section_965011646 {\n  padding-top: 60px;\n  padding-bottom: 60px;\n}\n#section_965011646 .section-bg-overlay {\n  background-color: rgb(0, 0, 0);\n}\n<\/style>\n\t<\/section>\n\t\n","protected":false},"excerpt":{"rendered":"","protected":false},"author":1,"featured_media":0,"parent":0,"menu_order":0,"comment_status":"closed","ping_status":"closed","template":"page-blank.php","meta":{"footnotes":""},"class_list":["post-1769","page","type-page","status-publish","hentry"],"acf":[],"_links":{"self":[{"href":"https:\/\/barn.si\/sl\/wp-json\/wp\/v2\/pages\/1769","targetHints":{"allow":["GET"]}}],"collection":[{"href":"https:\/\/barn.si\/sl\/wp-json\/wp\/v2\/pages"}],"about":[{"href":"https:\/\/barn.si\/sl\/wp-json\/wp\/v2\/types\/page"}],"author":[{"embeddable":true,"href":"https:\/\/barn.si\/sl\/wp-json\/wp\/v2\/users\/1"}],"replies":[{"embeddable":true,"href":"https:\/\/barn.si\/sl\/wp-json\/wp\/v2\/comments?post=1769"}],"version-history":[{"count":5,"href":"https:\/\/barn.si\/sl\/wp-json\/wp\/v2\/pages\/1769\/revisions"}],"predecessor-version":[{"id":1876,"href":"https:\/\/barn.si\/sl\/wp-json\/wp\/v2\/pages\/1769\/revisions\/1876"}],"wp:attachment":[{"href":"https:\/\/barn.si\/sl\/wp-json\/wp\/v2\/media?parent=1769"}],"curies":[{"name":"wp","href":"https:\/\/api.w.org\/{rel}","templated":true}]}}