{"id":1451,"date":"2023-02-27T08:39:39","date_gmt":"2023-02-27T08:39:39","guid":{"rendered":"https:\/\/barn.si\/product\/moby-dick\/"},"modified":"2023-04-12T13:23:23","modified_gmt":"2023-04-12T13:23:23","slug":"moby-dick","status":"publish","type":"product","link":"https:\/\/barn.si\/sl\/izdelek\/moby-dick\/","title":{"rendered":"Moby Dick"},"content":{"rendered":"<p>Ima energijske u\u010dinke, zaradi \u010desar se uporabniki po\u010dutijo \u017eivahno in motivirane. Z 18 % THC in profilom okusa po vaniliji je odli\u010dna izbira tako za nove kot za izku\u0161ene uporabnike konoplje. Uporabniki medicinske konoplje izberejo sorto Moby Dicka za laj\u0161anje simptomov stresa, depresije in tesnobe. Ima kratko obdobje cvetenja in naravno odpornost proti plesni, zaradi \u010desar je priljubljen med pridelovalci. Ta sorta, ki jo je prvotno vzgojil Dinafem Seeds, bo zagotovo navdu\u0161ila.<\/p>\n","protected":false},"excerpt":{"rendered":"<p>Moby Dick je hibrid, ki prevladuje s sativo, z obliko bo\u017ei\u010dnega drevesa in legendarno glavno kolo.<\/p>\n","protected":false},"featured_media":1716,"comment_status":"open","ping_status":"closed","template":"","meta":[],"product_cat":[65],"product_tag":[],"class_list":{"0":"post-1451","1":"product","2":"type-product","3":"status-publish","4":"has-post-thumbnail","6":"product_cat-feminizirana-semena","7":"product_shipping_class-semena-sl","9":"first","10":"instock","11":"shipping-taxable","12":"purchasable","13":"product-type-variable","14":"has-default-attributes"},"acf":[],"_links":{"self":[{"href":"https:\/\/barn.si\/sl\/wp-json\/wp\/v2\/product\/1451","targetHints":{"allow":["GET"]}}],"collection":[{"href":"https:\/\/barn.si\/sl\/wp-json\/wp\/v2\/product"}],"about":[{"href":"https:\/\/barn.si\/sl\/wp-json\/wp\/v2\/types\/product"}],"replies":[{"embeddable":true,"href":"https:\/\/barn.si\/sl\/wp-json\/wp\/v2\/comments?post=1451"}],"wp:featuredmedia":[{"embeddable":true,"href":"https:\/\/barn.si\/sl\/wp-json\/wp\/v2\/media\/1716"}],"wp:attachment":[{"href":"https:\/\/barn.si\/sl\/wp-json\/wp\/v2\/media?parent=1451"}],"wp:term":[{"taxonomy":"product_cat","embeddable":true,"href":"https:\/\/barn.si\/sl\/wp-json\/wp\/v2\/product_cat?post=1451"},{"taxonomy":"product_tag","embeddable":true,"href":"https:\/\/barn.si\/sl\/wp-json\/wp\/v2\/product_tag?post=1451"}],"curies":[{"name":"wp","href":"https:\/\/api.w.org\/{rel}","templated":true}]}}