{"id":1454,"date":"2023-02-27T08:35:15","date_gmt":"2023-02-27T08:35:15","guid":{"rendered":"https:\/\/barn.si\/product\/sweet-amnesia-haze\/"},"modified":"2023-03-16T10:40:09","modified_gmt":"2023-03-16T10:40:09","slug":"sweet-amnesia-haze","status":"publish","type":"product","link":"https:\/\/barn.si\/sl\/izdelek\/sweet-amnesia-haze\/","title":{"rendered":"Sweet Amnesia Haze"},"content":{"rendered":"<p>Sweet Amnesia Haze je prevladujo\u010da sorta sativa z mo\u010dnim, po\u017eivljajo\u010dim cerebralnim bren\u010danjem, ki je kot nala\u0161\u010d za ohranjanje produktivnosti in pozornosti ob odpravljanju stresa. Z okusi lupine citrusov, cedre in kadila je ta sorta kri\u017eanec cenjenega reza Amnesia Haze in proizvaja kompaktne, smolnate popke. Je enostaven za gojenje in primeren za pridelovalce vseh ravni, zaradi \u010desar je idealna izbira za vsakogar, ki i\u0161\u010de visoko donosno sorto sativa.<\/p>\n","protected":false},"excerpt":{"rendered":"<p>\u010ceprav je lep in impresiven, boste z nekaj treninga dosegli bolj\u0161e rezultate.<\/p>\n","protected":false},"featured_media":1722,"comment_status":"open","ping_status":"closed","template":"","meta":[],"product_cat":[65],"product_tag":[],"class_list":{"0":"post-1454","1":"product","2":"type-product","3":"status-publish","4":"has-post-thumbnail","6":"product_cat-feminizirana-semena","7":"product_shipping_class-semena-sl","9":"first","10":"instock","11":"shipping-taxable","12":"purchasable","13":"product-type-variable","14":"has-default-attributes"},"acf":[],"_links":{"self":[{"href":"https:\/\/barn.si\/sl\/wp-json\/wp\/v2\/product\/1454","targetHints":{"allow":["GET"]}}],"collection":[{"href":"https:\/\/barn.si\/sl\/wp-json\/wp\/v2\/product"}],"about":[{"href":"https:\/\/barn.si\/sl\/wp-json\/wp\/v2\/types\/product"}],"replies":[{"embeddable":true,"href":"https:\/\/barn.si\/sl\/wp-json\/wp\/v2\/comments?post=1454"}],"wp:featuredmedia":[{"embeddable":true,"href":"https:\/\/barn.si\/sl\/wp-json\/wp\/v2\/media\/1722"}],"wp:attachment":[{"href":"https:\/\/barn.si\/sl\/wp-json\/wp\/v2\/media?parent=1454"}],"wp:term":[{"taxonomy":"product_cat","embeddable":true,"href":"https:\/\/barn.si\/sl\/wp-json\/wp\/v2\/product_cat?post=1454"},{"taxonomy":"product_tag","embeddable":true,"href":"https:\/\/barn.si\/sl\/wp-json\/wp\/v2\/product_tag?post=1454"}],"curies":[{"name":"wp","href":"https:\/\/api.w.org\/{rel}","templated":true}]}}