{"id":1457,"date":"2023-02-27T08:30:47","date_gmt":"2023-02-27T08:30:47","guid":{"rendered":"https:\/\/barn.si\/product\/krippling-casino\/"},"modified":"2023-03-16T10:42:39","modified_gmt":"2023-03-16T10:42:39","slug":"krippling-casino","status":"publish","type":"product","link":"https:\/\/barn.si\/sl\/izdelek\/krippling-casino\/","title":{"rendered":"Krippling Casino"},"content":{"rendered":"<p>I\u0161\u010dete hitro cveto\u010do sorto, ki daje mo\u010d? Ne i\u0161\u010dite dlje od Krippling casino sorte. S poreklom iz Black Domina lahko ta sorta kon\u010da v samo 6 tednih in se pona\u0161a z do 22% THC.<\/p>\n<p>Zaradi sladkarij podobnih okusov in po\u0161astnih donosov je odli\u010dna izbira za vsakega pridelovalca, za\u010detnika ali izku\u0161enega. Bodite previdni, ta 80-odstotni sev indice je pravi couchlocker in ni za ljudi s slabim srcem. \u010ce pa i\u0161\u010dete ve\u010der sprostitve in evforije, vam lahko Krippling Casino priigra pravi jackpot. Naro\u010dite svoja semena \u0161e danes in odkrijte feno, ki je pravi za vas.<\/p>\n","protected":false},"excerpt":{"rendered":"<p>Hit the Jackpot. Posebna me\u0161anica za kakovostno hitro cveto\u010do sorto.<\/p>\n","protected":false},"featured_media":1724,"comment_status":"open","ping_status":"closed","template":"","meta":[],"product_cat":[65],"product_tag":[],"class_list":{"0":"post-1457","1":"product","2":"type-product","3":"status-publish","4":"has-post-thumbnail","6":"product_cat-feminizirana-semena","7":"product_shipping_class-semena-sl","9":"first","10":"instock","11":"shipping-taxable","12":"purchasable","13":"product-type-variable","14":"has-default-attributes"},"acf":[],"_links":{"self":[{"href":"https:\/\/barn.si\/sl\/wp-json\/wp\/v2\/product\/1457","targetHints":{"allow":["GET"]}}],"collection":[{"href":"https:\/\/barn.si\/sl\/wp-json\/wp\/v2\/product"}],"about":[{"href":"https:\/\/barn.si\/sl\/wp-json\/wp\/v2\/types\/product"}],"replies":[{"embeddable":true,"href":"https:\/\/barn.si\/sl\/wp-json\/wp\/v2\/comments?post=1457"}],"wp:featuredmedia":[{"embeddable":true,"href":"https:\/\/barn.si\/sl\/wp-json\/wp\/v2\/media\/1724"}],"wp:attachment":[{"href":"https:\/\/barn.si\/sl\/wp-json\/wp\/v2\/media?parent=1457"}],"wp:term":[{"taxonomy":"product_cat","embeddable":true,"href":"https:\/\/barn.si\/sl\/wp-json\/wp\/v2\/product_cat?post=1457"},{"taxonomy":"product_tag","embeddable":true,"href":"https:\/\/barn.si\/sl\/wp-json\/wp\/v2\/product_tag?post=1457"}],"curies":[{"name":"wp","href":"https:\/\/api.w.org\/{rel}","templated":true}]}}