{"id":1460,"date":"2023-02-27T08:24:01","date_gmt":"2023-02-27T08:24:01","guid":{"rendered":"https:\/\/barn.si\/product\/incredible-barn\/"},"modified":"2023-03-16T10:44:45","modified_gmt":"2023-03-16T10:44:45","slug":"incredible-barn","status":"publish","type":"product","link":"https:\/\/barn.si\/sl\/izdelek\/incredible-barn\/","title":{"rendered":"Incredible Barn"},"content":{"rendered":"<p>S popki v velikosti boksarske rokavice in ogromnim potencialom pridelka do 1000 g\/m2 v zaprtih prostorih je ta sorta absolutna klasika v nastajanju. Vendar pazite, da ga je treba preklopiti na cvetenje, preden dose\u017ee 2 metra visoko, sicer bo prevzel va\u0161 rastni prostor.<\/p>\n<p>Incredible Barn se lahko prilagodi prakti\u010dno vsakemu okolju in obo\u017euje hidroponiko z izbolj\u0161avo CO2.<\/p>\n","protected":false},"excerpt":{"rendered":"<p>Predstavljamo vam Incredible Barn, rastlino, ki je bila vzrejena za te\u017ekega igralca, ki ga je skoraj nemogo\u010de po\u0161kodovati.<\/p>\n","protected":false},"featured_media":1726,"comment_status":"open","ping_status":"closed","template":"","meta":[],"product_cat":[65],"product_tag":[],"class_list":{"0":"post-1460","1":"product","2":"type-product","3":"status-publish","4":"has-post-thumbnail","6":"product_cat-feminizirana-semena","7":"product_shipping_class-semena-sl","9":"first","10":"instock","11":"shipping-taxable","12":"purchasable","13":"product-type-variable","14":"has-default-attributes"},"acf":[],"_links":{"self":[{"href":"https:\/\/barn.si\/sl\/wp-json\/wp\/v2\/product\/1460","targetHints":{"allow":["GET"]}}],"collection":[{"href":"https:\/\/barn.si\/sl\/wp-json\/wp\/v2\/product"}],"about":[{"href":"https:\/\/barn.si\/sl\/wp-json\/wp\/v2\/types\/product"}],"replies":[{"embeddable":true,"href":"https:\/\/barn.si\/sl\/wp-json\/wp\/v2\/comments?post=1460"}],"wp:featuredmedia":[{"embeddable":true,"href":"https:\/\/barn.si\/sl\/wp-json\/wp\/v2\/media\/1726"}],"wp:attachment":[{"href":"https:\/\/barn.si\/sl\/wp-json\/wp\/v2\/media?parent=1460"}],"wp:term":[{"taxonomy":"product_cat","embeddable":true,"href":"https:\/\/barn.si\/sl\/wp-json\/wp\/v2\/product_cat?post=1460"},{"taxonomy":"product_tag","embeddable":true,"href":"https:\/\/barn.si\/sl\/wp-json\/wp\/v2\/product_tag?post=1460"}],"curies":[{"name":"wp","href":"https:\/\/api.w.org\/{rel}","templated":true}]}}