{"id":1463,"date":"2023-02-27T08:19:17","date_gmt":"2023-02-27T08:19:17","guid":{"rendered":"https:\/\/barn.si\/product\/amsterdam-amnesia\/"},"modified":"2023-03-16T10:46:43","modified_gmt":"2023-03-16T10:46:43","slug":"amsterdam-amnesia","status":"publish","type":"product","link":"https:\/\/barn.si\/sl\/izdelek\/amsterdam-amnesia\/","title":{"rendered":"Amsterdam Amnesia"},"content":{"rendered":"<p>To sorto je enostavno gojiti in ima visok donos, saj proizvede velike, dolge budse v samo 10 tednih. Amsterdam Amnesia je znana po privla\u010dnem razmerju med cvetjem in listi ter mo\u010dnih u\u010dinkih, priljubljena med komercialnimi pridelovalci in ljubitelji Haze.<\/p>\n","protected":false},"excerpt":{"rendered":"<p>Amsterdam Amnesia je hibrid s prevladujo\u010do sativo, ki se pona\u0161a z impresivno vsebnostjo THC 20-25 %.<\/p>\n","protected":false},"featured_media":1728,"comment_status":"open","ping_status":"closed","template":"","meta":[],"product_cat":[65],"product_tag":[],"class_list":{"0":"post-1463","1":"product","2":"type-product","3":"status-publish","4":"has-post-thumbnail","6":"product_cat-feminizirana-semena","7":"product_shipping_class-semena-sl","9":"first","10":"instock","11":"shipping-taxable","12":"purchasable","13":"product-type-variable","14":"has-default-attributes"},"acf":[],"_links":{"self":[{"href":"https:\/\/barn.si\/sl\/wp-json\/wp\/v2\/product\/1463","targetHints":{"allow":["GET"]}}],"collection":[{"href":"https:\/\/barn.si\/sl\/wp-json\/wp\/v2\/product"}],"about":[{"href":"https:\/\/barn.si\/sl\/wp-json\/wp\/v2\/types\/product"}],"replies":[{"embeddable":true,"href":"https:\/\/barn.si\/sl\/wp-json\/wp\/v2\/comments?post=1463"}],"wp:featuredmedia":[{"embeddable":true,"href":"https:\/\/barn.si\/sl\/wp-json\/wp\/v2\/media\/1728"}],"wp:attachment":[{"href":"https:\/\/barn.si\/sl\/wp-json\/wp\/v2\/media?parent=1463"}],"wp:term":[{"taxonomy":"product_cat","embeddable":true,"href":"https:\/\/barn.si\/sl\/wp-json\/wp\/v2\/product_cat?post=1463"},{"taxonomy":"product_tag","embeddable":true,"href":"https:\/\/barn.si\/sl\/wp-json\/wp\/v2\/product_tag?post=1463"}],"curies":[{"name":"wp","href":"https:\/\/api.w.org\/{rel}","templated":true}]}}