{"id":1466,"date":"2023-02-27T08:15:42","date_gmt":"2023-02-27T08:15:42","guid":{"rendered":"https:\/\/barn.si\/product\/critical-3-0\/"},"modified":"2023-03-16T12:55:52","modified_gmt":"2023-03-16T12:55:52","slug":"critical-3-0","status":"publish","type":"product","link":"https:\/\/barn.si\/sl\/izdelek\/critical-3-0\/","title":{"rendered":"Critical 3.0"},"content":{"rendered":"<p>To feminizirano seme konoplje se pona\u0161a z jasno prevlado indice, izbolj\u0161animi lastnostmi ter bolj\u0161o aromo, donosom in odpornostjo. Ta visoka rastlina s svojo odprto strukturo daje neverjetno velikodu\u0161ne pridelke super obse\u017enih in kot skala trdih brstov, prekritih z debelo in smrdljivo plastjo smole.<\/p>\n<p>Pri\u010dakujte pridelek 700 g\/m2 v zaprtih prostorih in 900-1300 g\/rastlino na prostem.<\/p>\n<p>Brsti ponujajo mo\u010dan, spro\u0161\u010dujo\u010d in dolgotrajen ob\u010dutek, ki je bolj fizi\u010den kot mo\u017eganski, popoln za obvladovanje stresnih trenutkov ali odklop od sveta. Critical 3.0 je znan po svoji mo\u010dni rasti in odpornosti na kuge in vlago, zaradi \u010desar je odli\u010dna mo\u017enost za neizku\u0161ene pridelovalce. Pri\u010dakujte hitro cvetenje 6-8 tednov v zaprtih prostorih in do konca septembra na prostem, vendar bodite pripravljeni na njene te\u017eke veje in s filtri proti vonjavam, ki se borijo proti njeni mo\u010dni, sve\u017ei aromi limone, bora in za\u010dimb.<\/p>\n","protected":false},"excerpt":{"rendered":"<p>I\u0161\u010dete izbolj\u0161ano razli\u010dico znane sortne ikone konoplje? Ne i\u0161\u010dite dlje od Critical 3.0!<\/p>\n","protected":false},"featured_media":1730,"comment_status":"open","ping_status":"closed","template":"","meta":[],"product_cat":[65],"product_tag":[],"class_list":{"0":"post-1466","1":"product","2":"type-product","3":"status-publish","4":"has-post-thumbnail","6":"product_cat-feminizirana-semena","7":"product_shipping_class-semena-sl","9":"first","10":"instock","11":"shipping-taxable","12":"purchasable","13":"product-type-variable","14":"has-default-attributes"},"acf":[],"_links":{"self":[{"href":"https:\/\/barn.si\/sl\/wp-json\/wp\/v2\/product\/1466","targetHints":{"allow":["GET"]}}],"collection":[{"href":"https:\/\/barn.si\/sl\/wp-json\/wp\/v2\/product"}],"about":[{"href":"https:\/\/barn.si\/sl\/wp-json\/wp\/v2\/types\/product"}],"replies":[{"embeddable":true,"href":"https:\/\/barn.si\/sl\/wp-json\/wp\/v2\/comments?post=1466"}],"wp:featuredmedia":[{"embeddable":true,"href":"https:\/\/barn.si\/sl\/wp-json\/wp\/v2\/media\/1730"}],"wp:attachment":[{"href":"https:\/\/barn.si\/sl\/wp-json\/wp\/v2\/media?parent=1466"}],"wp:term":[{"taxonomy":"product_cat","embeddable":true,"href":"https:\/\/barn.si\/sl\/wp-json\/wp\/v2\/product_cat?post=1466"},{"taxonomy":"product_tag","embeddable":true,"href":"https:\/\/barn.si\/sl\/wp-json\/wp\/v2\/product_tag?post=1466"}],"curies":[{"name":"wp","href":"https:\/\/api.w.org\/{rel}","templated":true}]}}