{"id":1469,"date":"2023-02-27T08:11:57","date_gmt":"2023-02-27T08:11:57","guid":{"rendered":"https:\/\/barn.si\/product\/big-widow\/"},"modified":"2023-03-16T13:21:56","modified_gmt":"2023-03-16T13:21:56","slug":"big-widow","status":"publish","type":"product","link":"https:\/\/barn.si\/sl\/izdelek\/big-widow\/","title":{"rendered":"Big Widow"},"content":{"rendered":"<p>Ta hitro cveto\u010da cvetlica s prevladujo\u010do indico daje visoke donose in izjemno mo\u010dan vzpon, ki mo\u010dno prizadene. S svojo obvladljivo rastjo in dobrim donosom je ta rastlina popolna tako za za\u010detnike kot za izku\u0161ene kultivatorje.<\/p>\n<p>Uspeva v toplih podnebjih, dobro pa se obnese tudi v hladnej\u0161ih regijah, kot so Francija, Zdru\u017eeno kraljestvo in Nizozemska. Pri\u010dakujte cerebralno, skoraj psihedeli\u010dno vzpetino s \u010distim in borovim sve\u017eim okusom, s priokusom citrusov v izdihu. Terpeni mircen, pinen in kariofilen ustvarjajo pikanten profil okusa z notami za\u010dimb, zemeljskega okusa in popra. Big Widow je kot nala\u0161\u010d za naporne dni in ustvarjalne projekte, saj vam daje motivacijo in navdu\u0161enje, da boste v procesu vklju\u010deni dlje kot obi\u010dajno.<\/p>\n","protected":false},"excerpt":{"rendered":"<p>Predstavljamo Big Widow, po\u0161astni hibrid Bele vdove in Big Buda.<\/p>\n","protected":false},"featured_media":1732,"comment_status":"open","ping_status":"closed","template":"","meta":[],"product_cat":[65],"product_tag":[],"class_list":{"0":"post-1469","1":"product","2":"type-product","3":"status-publish","4":"has-post-thumbnail","6":"product_cat-feminizirana-semena","7":"product_shipping_class-semena-sl","9":"first","10":"instock","11":"shipping-taxable","12":"purchasable","13":"product-type-variable","14":"has-default-attributes"},"acf":[],"_links":{"self":[{"href":"https:\/\/barn.si\/sl\/wp-json\/wp\/v2\/product\/1469","targetHints":{"allow":["GET"]}}],"collection":[{"href":"https:\/\/barn.si\/sl\/wp-json\/wp\/v2\/product"}],"about":[{"href":"https:\/\/barn.si\/sl\/wp-json\/wp\/v2\/types\/product"}],"replies":[{"embeddable":true,"href":"https:\/\/barn.si\/sl\/wp-json\/wp\/v2\/comments?post=1469"}],"wp:featuredmedia":[{"embeddable":true,"href":"https:\/\/barn.si\/sl\/wp-json\/wp\/v2\/media\/1732"}],"wp:attachment":[{"href":"https:\/\/barn.si\/sl\/wp-json\/wp\/v2\/media?parent=1469"}],"wp:term":[{"taxonomy":"product_cat","embeddable":true,"href":"https:\/\/barn.si\/sl\/wp-json\/wp\/v2\/product_cat?post=1469"},{"taxonomy":"product_tag","embeddable":true,"href":"https:\/\/barn.si\/sl\/wp-json\/wp\/v2\/product_tag?post=1469"}],"curies":[{"name":"wp","href":"https:\/\/api.w.org\/{rel}","templated":true}]}}