{"id":1472,"date":"2023-02-27T08:07:29","date_gmt":"2023-02-27T08:07:29","guid":{"rendered":"https:\/\/barn.si\/product\/e-crack\/"},"modified":"2023-03-16T13:27:17","modified_gmt":"2023-03-16T13:27:17","slug":"e-crack","status":"publish","type":"product","link":"https:\/\/barn.si\/sl\/izdelek\/e-crack\/","title":{"rendered":"E &#8211; Crack"},"content":{"rendered":"<p>Primeren je za za\u010detnike in ga je enostavno gojiti v kateri koli gojitveni sobi ali metodi, vklju\u010dno s SOG in SCROG.<\/p>\n<p>Vonj po zrelem sadju in sandalovini E-Cracka dopolnjuje zemeljski okus, njegov mo\u010dan, spro\u0161\u010dujo\u010d in dolgotrajen u\u010dinek pa je kot nala\u0161\u010d za po\u010ditek in sprostitev. Rastlina ima srednjo internodalno razdaljo, njeni okrogli popki, podobni \u017eogici za golf, v fazi cvetenja tvorijo veliko dla\u010dic, rezultat pa so debeli in kompaktni cvetovi. S sre\u010dnim, energi\u010dnim in spro\u0161\u010denim ob\u010dutkom je E-Crack odli\u010den dnevni dim, ki lahko zagotovi evfori\u010dno in vzpodbudno vzdu\u0161je.<\/p>\n","protected":false},"excerpt":{"rendered":"<p>E-Crack je hitro cveto\u010da feminizirana sorta konoplje, ki nudi visoke donose s kratkim \u010dasom cvetenja.<\/p>\n","protected":false},"featured_media":1735,"comment_status":"open","ping_status":"closed","template":"","meta":[],"product_cat":[65],"product_tag":[],"class_list":{"0":"post-1472","1":"product","2":"type-product","3":"status-publish","4":"has-post-thumbnail","6":"product_cat-feminizirana-semena","7":"product_shipping_class-semena-sl","9":"first","10":"instock","11":"shipping-taxable","12":"purchasable","13":"product-type-variable","14":"has-default-attributes"},"acf":[],"_links":{"self":[{"href":"https:\/\/barn.si\/sl\/wp-json\/wp\/v2\/product\/1472","targetHints":{"allow":["GET"]}}],"collection":[{"href":"https:\/\/barn.si\/sl\/wp-json\/wp\/v2\/product"}],"about":[{"href":"https:\/\/barn.si\/sl\/wp-json\/wp\/v2\/types\/product"}],"replies":[{"embeddable":true,"href":"https:\/\/barn.si\/sl\/wp-json\/wp\/v2\/comments?post=1472"}],"wp:featuredmedia":[{"embeddable":true,"href":"https:\/\/barn.si\/sl\/wp-json\/wp\/v2\/media\/1735"}],"wp:attachment":[{"href":"https:\/\/barn.si\/sl\/wp-json\/wp\/v2\/media?parent=1472"}],"wp:term":[{"taxonomy":"product_cat","embeddable":true,"href":"https:\/\/barn.si\/sl\/wp-json\/wp\/v2\/product_cat?post=1472"},{"taxonomy":"product_tag","embeddable":true,"href":"https:\/\/barn.si\/sl\/wp-json\/wp\/v2\/product_tag?post=1472"}],"curies":[{"name":"wp","href":"https:\/\/api.w.org\/{rel}","templated":true}]}}