{"id":1475,"date":"2023-02-27T08:01:36","date_gmt":"2023-02-27T08:01:36","guid":{"rendered":"https:\/\/barn.si\/product\/big-bud\/"},"modified":"2023-03-16T13:30:08","modified_gmt":"2023-03-16T13:30:08","slug":"big-bud","status":"publish","type":"product","link":"https:\/\/barn.si\/sl\/izdelek\/big-bud\/","title":{"rendered":"Big Bud"},"content":{"rendered":"<p>Ta feminizirana sorta je s svojo robustno, \u010dudno genetiko in sorazmerno kratkim \u010dasom cvetenja popolna za tiste, ki i\u0161\u010dejo hitre rezultate. <\/p>\n<p>Big Bud je znan po svojih masivnih popkih, prekritih z lepljivo smolo, ki dajejo izjemne pridelke do 1200 gramov na rastlino, \u010de rastejo na prostem. Zaradi prijetnega vonja in okusa sladke, sadne melase je priljubljen med pridelovalci in uporabniki. Zakaj torej ne bi preizkusili Big Bud Feminized in videli, zakaj je zmagovalec Cannabis Cupa.<\/p>\n","protected":false},"excerpt":{"rendered":"<p>I\u0161\u010dete sorto z impresivnimi donosi in pomirjevalno mo\u010djo za celotno telo? Ne i\u0161\u010dite ve\u010d kot Big Bud Feminized.<\/p>\n","protected":false},"featured_media":1737,"comment_status":"open","ping_status":"closed","template":"","meta":[],"product_cat":[65],"product_tag":[],"class_list":{"0":"post-1475","1":"product","2":"type-product","3":"status-publish","4":"has-post-thumbnail","6":"product_cat-feminizirana-semena","7":"product_shipping_class-semena-sl","9":"first","10":"instock","11":"shipping-taxable","12":"purchasable","13":"product-type-variable","14":"has-default-attributes"},"acf":[],"_links":{"self":[{"href":"https:\/\/barn.si\/sl\/wp-json\/wp\/v2\/product\/1475","targetHints":{"allow":["GET"]}}],"collection":[{"href":"https:\/\/barn.si\/sl\/wp-json\/wp\/v2\/product"}],"about":[{"href":"https:\/\/barn.si\/sl\/wp-json\/wp\/v2\/types\/product"}],"replies":[{"embeddable":true,"href":"https:\/\/barn.si\/sl\/wp-json\/wp\/v2\/comments?post=1475"}],"wp:featuredmedia":[{"embeddable":true,"href":"https:\/\/barn.si\/sl\/wp-json\/wp\/v2\/media\/1737"}],"wp:attachment":[{"href":"https:\/\/barn.si\/sl\/wp-json\/wp\/v2\/media?parent=1475"}],"wp:term":[{"taxonomy":"product_cat","embeddable":true,"href":"https:\/\/barn.si\/sl\/wp-json\/wp\/v2\/product_cat?post=1475"},{"taxonomy":"product_tag","embeddable":true,"href":"https:\/\/barn.si\/sl\/wp-json\/wp\/v2\/product_tag?post=1475"}],"curies":[{"name":"wp","href":"https:\/\/api.w.org\/{rel}","templated":true}]}}