{"id":1478,"date":"2023-02-27T07:57:14","date_gmt":"2023-02-27T07:57:14","guid":{"rendered":"https:\/\/barn.si\/product\/business-plant\/"},"modified":"2023-03-16T13:36:24","modified_gmt":"2023-03-16T13:36:24","slug":"business-plant","status":"publish","type":"product","link":"https:\/\/barn.si\/sl\/izdelek\/business-plant\/","title":{"rendered":"Business Plant"},"content":{"rendered":"<p>Ta sativi podobna rastlina se pona\u0161a z dolgimi vejami in velikim internodalnim razmikom, na prostem pa dose\u017ee vi\u0161ino 2,5 metra.<\/p>\n<p>V fazi cvetenja po\u017eene \u0161tevilne popke po celem telesu, kar daje izjemen pridelek do 625 g\/m2 v zaprtih prostorih in 1300 g\/rastlino na prostem. Njene organolepti\u010dne lastnosti so mo\u010dne, s pridihom citrusov, skunka, lesa in za\u010dimb ter slastnim okusom, ki bo pomiril va\u0161e \u010dute. Uravnote\u017eena psihedeli\u010dna izku\u0161nja Business Planta nudi fizi\u010dno spro\u0161\u010dujo\u010de ob\u010dutke, hkrati pa ohranja bistro glavo, zaradi \u010desar je primerna za vsakogar. Gojenje te sorte je preprosto in preprosto ter raste s svetlobno hitrostjo in je vedno pripravljena na boj proti vsaki te\u017eavi, ki se lahko pojavi. Zakaj torej ne bi poskusili in videli, kak\u0161ne izjemne rezultate lahko dose\u017eete?<\/p>\n","protected":false},"excerpt":{"rendered":"<p>Pripravite se na hitro in mo\u010dno rodno sorto konoplje z Business Plant.<\/p>\n","protected":false},"featured_media":1739,"comment_status":"open","ping_status":"closed","template":"","meta":[],"product_cat":[65],"product_tag":[],"class_list":{"0":"post-1478","1":"product","2":"type-product","3":"status-publish","4":"has-post-thumbnail","6":"product_cat-feminizirana-semena","7":"product_shipping_class-semena-sl","9":"first","10":"instock","11":"shipping-taxable","12":"purchasable","13":"product-type-variable","14":"has-default-attributes"},"acf":[],"_links":{"self":[{"href":"https:\/\/barn.si\/sl\/wp-json\/wp\/v2\/product\/1478","targetHints":{"allow":["GET"]}}],"collection":[{"href":"https:\/\/barn.si\/sl\/wp-json\/wp\/v2\/product"}],"about":[{"href":"https:\/\/barn.si\/sl\/wp-json\/wp\/v2\/types\/product"}],"replies":[{"embeddable":true,"href":"https:\/\/barn.si\/sl\/wp-json\/wp\/v2\/comments?post=1478"}],"wp:featuredmedia":[{"embeddable":true,"href":"https:\/\/barn.si\/sl\/wp-json\/wp\/v2\/media\/1739"}],"wp:attachment":[{"href":"https:\/\/barn.si\/sl\/wp-json\/wp\/v2\/media?parent=1478"}],"wp:term":[{"taxonomy":"product_cat","embeddable":true,"href":"https:\/\/barn.si\/sl\/wp-json\/wp\/v2\/product_cat?post=1478"},{"taxonomy":"product_tag","embeddable":true,"href":"https:\/\/barn.si\/sl\/wp-json\/wp\/v2\/product_tag?post=1478"}],"curies":[{"name":"wp","href":"https:\/\/api.w.org\/{rel}","templated":true}]}}