{"id":1481,"date":"2023-02-27T07:44:33","date_gmt":"2023-02-27T07:44:33","guid":{"rendered":"https:\/\/barn.si\/product\/white-widow\/"},"modified":"2023-03-16T13:37:33","modified_gmt":"2023-03-16T13:37:33","slug":"white-widow","status":"publish","type":"product","link":"https:\/\/barn.si\/sl\/izdelek\/white-widow\/","title":{"rendered":"White Widow"},"content":{"rendered":"<p>Je srednje velika rastlina, ki jo je enostavno gojiti in jo lahko gojimo v zaprtih prostorih ali na prostem. Popki so kompaktni in prekriti z debelo belo plastjo trihomov s pikantno in borovo aromo ter sadnimi notami citrusov.<\/p>\n<p>White Widow has a high THC content and a fast flowering time, making it ideal for enthusiasts and connoisseurs of old school genetics who want an incredibly potent, sticky bud. U\u010dinki so mo\u010dni in dolgotrajni, z za\u010detnim evfori\u010dnim dvigom, ki se spremeni v bolj narkoti\u010den in spro\u0161\u010dujo\u010d u\u010dinek. S pridelkom okoli 550-650 g\/m2 v samo 8 tednih je White Widow hitro cveto\u010da z dobrim donosom, zaradi \u010desar je odli\u010dna izbira za medicinske in rekreacijske uporabnike.<\/p>\n","protected":false},"excerpt":{"rendered":"<p>White Widow je legendarna hibridna sorta konoplje s slovesom ene najmo\u010dnej\u0161ih sort, kar jih je bilo kdaj ustvarjenih.<\/p>\n","protected":false},"featured_media":1741,"comment_status":"open","ping_status":"closed","template":"","meta":[],"product_cat":[65],"product_tag":[],"class_list":{"0":"post-1481","1":"product","2":"type-product","3":"status-publish","4":"has-post-thumbnail","6":"product_cat-feminizirana-semena","7":"product_shipping_class-semena-sl","9":"first","10":"instock","11":"shipping-taxable","12":"purchasable","13":"product-type-variable","14":"has-default-attributes"},"acf":[],"_links":{"self":[{"href":"https:\/\/barn.si\/sl\/wp-json\/wp\/v2\/product\/1481","targetHints":{"allow":["GET"]}}],"collection":[{"href":"https:\/\/barn.si\/sl\/wp-json\/wp\/v2\/product"}],"about":[{"href":"https:\/\/barn.si\/sl\/wp-json\/wp\/v2\/types\/product"}],"replies":[{"embeddable":true,"href":"https:\/\/barn.si\/sl\/wp-json\/wp\/v2\/comments?post=1481"}],"wp:featuredmedia":[{"embeddable":true,"href":"https:\/\/barn.si\/sl\/wp-json\/wp\/v2\/media\/1741"}],"wp:attachment":[{"href":"https:\/\/barn.si\/sl\/wp-json\/wp\/v2\/media?parent=1481"}],"wp:term":[{"taxonomy":"product_cat","embeddable":true,"href":"https:\/\/barn.si\/sl\/wp-json\/wp\/v2\/product_cat?post=1481"},{"taxonomy":"product_tag","embeddable":true,"href":"https:\/\/barn.si\/sl\/wp-json\/wp\/v2\/product_tag?post=1481"}],"curies":[{"name":"wp","href":"https:\/\/api.w.org\/{rel}","templated":true}]}}