{"id":1487,"date":"2023-02-26T12:20:20","date_gmt":"2023-02-26T12:20:20","guid":{"rendered":"https:\/\/barn.si\/product\/village-angels-cbd-auto\/"},"modified":"2023-03-16T13:40:55","modified_gmt":"2023-03-16T13:40:55","slug":"village-angels-cbd-auto","status":"publish","type":"product","link":"https:\/\/barn.si\/sl\/izdelek\/village-angels-cbd-auto\/","title":{"rendered":"Village Angels CBD Auto"},"content":{"rendered":"<p>Ima ostro in pikantno aromo z notami dizla, citrusov, bora, borovnic in za\u010dimb. Sorta mo\u010dno raste v vegetativni fazi in se lahko precej raztegne v fazi cvetenja.<\/p>\n<p>CBD Village Angel je znan po velikih popkih in visokem potencialu pridelka. Dobro uspeva pri metodah gojenja SCROG in SOG in je primeren za razli\u010dne tehnike gojenja.<\/p>\n<p>U\u010dinki CBD Village Angel vklju\u010dujejo pomirjujo\u010d in protistresni fizi\u010dni vzpon, brez psihoaktivnih u\u010dinkov THC-ja. Nekateri uporabniki poro\u010dajo o ob\u010dutku ustvarjalnosti in osredoto\u010denosti po uporabi tega seva, medtem ko drugi navajajo, da pomaga zmanj\u0161ati bole\u010dino in izbolj\u0161ati spanec.<\/p>\n","protected":false},"excerpt":{"rendered":"<p>Village Angels je prevladujo\u010da vrsta sativa z visoko vsebnostjo CBD in nizko vsebnostjo THC, zaradi \u010desar je primerna tako za medicinsko kot rekreacijsko uporabo.<\/p>\n","protected":false},"featured_media":1747,"comment_status":"open","ping_status":"closed","template":"","meta":[],"product_cat":[79],"product_tag":[],"class_list":{"0":"post-1487","1":"product","2":"type-product","3":"status-publish","4":"has-post-thumbnail","6":"product_cat-cbd-semena","7":"product_shipping_class-semena-sl","9":"first","10":"instock","11":"shipping-taxable","12":"purchasable","13":"product-type-variable","14":"has-default-attributes"},"acf":[],"_links":{"self":[{"href":"https:\/\/barn.si\/sl\/wp-json\/wp\/v2\/product\/1487","targetHints":{"allow":["GET"]}}],"collection":[{"href":"https:\/\/barn.si\/sl\/wp-json\/wp\/v2\/product"}],"about":[{"href":"https:\/\/barn.si\/sl\/wp-json\/wp\/v2\/types\/product"}],"replies":[{"embeddable":true,"href":"https:\/\/barn.si\/sl\/wp-json\/wp\/v2\/comments?post=1487"}],"wp:featuredmedia":[{"embeddable":true,"href":"https:\/\/barn.si\/sl\/wp-json\/wp\/v2\/media\/1747"}],"wp:attachment":[{"href":"https:\/\/barn.si\/sl\/wp-json\/wp\/v2\/media?parent=1487"}],"wp:term":[{"taxonomy":"product_cat","embeddable":true,"href":"https:\/\/barn.si\/sl\/wp-json\/wp\/v2\/product_cat?post=1487"},{"taxonomy":"product_tag","embeddable":true,"href":"https:\/\/barn.si\/sl\/wp-json\/wp\/v2\/product_tag?post=1487"}],"curies":[{"name":"wp","href":"https:\/\/api.w.org\/{rel}","templated":true}]}}