{"id":1490,"date":"2023-02-26T12:14:12","date_gmt":"2023-02-26T12:14:12","guid":{"rendered":"https:\/\/barn.si\/product\/critical\/"},"modified":"2023-03-16T13:42:41","modified_gmt":"2023-03-16T13:42:41","slug":"critical","status":"publish","type":"product","link":"https:\/\/barn.si\/sl\/izdelek\/critical\/","title":{"rendered":"Critical"},"content":{"rendered":"<p>Ta odporna rastlina, v kateri prevladuje indica, proizvaja goste popke citrusnega bora z neverjetnim pridelkom do 600 gr\/m2, zaradi \u010desar je popolna tako za komercialne pridelovalce kot tudi za profesionalne pridelovalce. Kljub svoji prevladi indice je kot nala\u0161\u010d za dru\u017eabne scenarije in ustvarjalnost.<\/p>\n<p>Z razponom vi\u0161ine od 90 do 140 cm je ta sorta idealna za gojenje na prostem in uspeva v sredozemskem podnebju. Ne pozabite podpreti te\u017ee brstov z bambusovimi palicami ali re\u0161etkami. U\u017eivajte v okusni me\u0161anici okusov limone, citrusov, bora in cvetja z vsakim okusom te neverjetne sorte!<\/p>\n","protected":false},"excerpt":{"rendered":"<p>I\u0161\u010dete visoko produktivno sorto, ki jo je enostavno gojiti in ki zagotavlja impresivno raven THC blizu 20 %? Ne i\u0161\u010dite dlje kot Critical Auto!<\/p>\n","protected":false},"featured_media":1765,"comment_status":"open","ping_status":"closed","template":"","meta":[],"product_cat":[82],"product_tag":[],"class_list":{"0":"post-1490","1":"product","2":"type-product","3":"status-publish","4":"has-post-thumbnail","6":"product_cat-autoflowering-semena","7":"product_shipping_class-semena-sl","9":"first","10":"instock","11":"shipping-taxable","12":"purchasable","13":"product-type-variable","14":"has-default-attributes"},"acf":[],"_links":{"self":[{"href":"https:\/\/barn.si\/sl\/wp-json\/wp\/v2\/product\/1490","targetHints":{"allow":["GET"]}}],"collection":[{"href":"https:\/\/barn.si\/sl\/wp-json\/wp\/v2\/product"}],"about":[{"href":"https:\/\/barn.si\/sl\/wp-json\/wp\/v2\/types\/product"}],"replies":[{"embeddable":true,"href":"https:\/\/barn.si\/sl\/wp-json\/wp\/v2\/comments?post=1490"}],"wp:featuredmedia":[{"embeddable":true,"href":"https:\/\/barn.si\/sl\/wp-json\/wp\/v2\/media\/1765"}],"wp:attachment":[{"href":"https:\/\/barn.si\/sl\/wp-json\/wp\/v2\/media?parent=1490"}],"wp:term":[{"taxonomy":"product_cat","embeddable":true,"href":"https:\/\/barn.si\/sl\/wp-json\/wp\/v2\/product_cat?post=1490"},{"taxonomy":"product_tag","embeddable":true,"href":"https:\/\/barn.si\/sl\/wp-json\/wp\/v2\/product_tag?post=1490"}],"curies":[{"name":"wp","href":"https:\/\/api.w.org\/{rel}","templated":true}]}}