{"id":1494,"date":"2023-02-26T12:10:34","date_gmt":"2023-02-26T12:10:34","guid":{"rendered":"https:\/\/barn.si\/product\/wedding-glue\/"},"modified":"2023-03-16T13:44:43","modified_gmt":"2023-03-16T13:44:43","slug":"wedding-glue","status":"publish","type":"product","link":"https:\/\/barn.si\/sl\/izdelek\/wedding-glue\/","title":{"rendered":"Wedding Glue"},"content":{"rendered":"<p>Ta hibrid s prevladujo\u010do indico ponuja mo\u010dno brnenje v glavi in \u200b\u200bspro\u0161\u010dujo\u010d telesni u\u010dinek zahvaljujo\u010d 26 % vsebnosti THC. Pri\u010dakujte sladko aromo vanilije in zemeljsko aromo, ki dopolnjuje \u010dudovite svetlo zelene ore\u0161\u010dke s temno zelenimi odtenki.<\/p>\n<p>Ta superproizvajalec lahko pridela do 550 gr\/m2 v samo 9-10 tednih, zaradi \u010desar je idealna izbira tako za za\u010detnike kot za izku\u0161ene pridelovalce.<\/p>\n<p>Uporabite tehnike LST, da pove\u010date donos in zagotovite pravilen pretok zraka. Sladka me\u0161anica terpenov ponuja sadne odtenke z mo\u010dnim okusom vanilije, ki ostane v ustih. Preizkusite Wedding Glue in izkusite popolno ravnovesje kakovosti in koli\u010dine.<\/p>\n","protected":false},"excerpt":{"rendered":"<p>I\u0161\u010dete sorto samodejnega cvetenja, ki ga je enostavno gojiti in proizvaja popke s kremno belim videzom, podobnim glazuri? Poro\u010dno lepilo je va\u0161 odgovor!<\/p>\n","protected":false},"featured_media":1751,"comment_status":"open","ping_status":"closed","template":"","meta":[],"product_cat":[82],"product_tag":[],"class_list":{"0":"post-1494","1":"product","2":"type-product","3":"status-publish","4":"has-post-thumbnail","6":"product_cat-autoflowering-semena","7":"product_shipping_class-semena-sl","9":"first","10":"instock","11":"shipping-taxable","12":"purchasable","13":"product-type-variable","14":"has-default-attributes"},"acf":[],"_links":{"self":[{"href":"https:\/\/barn.si\/sl\/wp-json\/wp\/v2\/product\/1494","targetHints":{"allow":["GET"]}}],"collection":[{"href":"https:\/\/barn.si\/sl\/wp-json\/wp\/v2\/product"}],"about":[{"href":"https:\/\/barn.si\/sl\/wp-json\/wp\/v2\/types\/product"}],"replies":[{"embeddable":true,"href":"https:\/\/barn.si\/sl\/wp-json\/wp\/v2\/comments?post=1494"}],"wp:featuredmedia":[{"embeddable":true,"href":"https:\/\/barn.si\/sl\/wp-json\/wp\/v2\/media\/1751"}],"wp:attachment":[{"href":"https:\/\/barn.si\/sl\/wp-json\/wp\/v2\/media?parent=1494"}],"wp:term":[{"taxonomy":"product_cat","embeddable":true,"href":"https:\/\/barn.si\/sl\/wp-json\/wp\/v2\/product_cat?post=1494"},{"taxonomy":"product_tag","embeddable":true,"href":"https:\/\/barn.si\/sl\/wp-json\/wp\/v2\/product_tag?post=1494"}],"curies":[{"name":"wp","href":"https:\/\/api.w.org\/{rel}","templated":true}]}}