{"id":1497,"date":"2023-02-26T12:05:50","date_gmt":"2023-02-26T12:05:50","guid":{"rendered":"https:\/\/barn.si\/product\/wedding-cheesecake\/"},"modified":"2023-03-16T13:46:09","modified_gmt":"2023-03-16T13:46:09","slug":"wedding-cheesecake","status":"publish","type":"product","link":"https:\/\/barn.si\/sl\/izdelek\/wedding-cheesecake\/","title":{"rendered":"Wedding Cheesecake"},"content":{"rendered":"<p>S srednjo vi\u0161ino in visoko produktivnostjo je ta sorta popolna za za\u010detnike in tiste s kraj\u0161imi poletji. U\u017eivajte v okusih vaniljevega testa za pi\u0161kote, zemeljskih in kremastih s pridihom sladkega sadja. Popki so veliki in debeli, pokriti s trihomi in ble\u0161\u010de\u010dimi odtenki zelene, magenta in vijoli\u010dne barve.<\/p>\n<p>Pri\u010dakujte srednje visoko rastlino z mo\u010dnimi stranskimi vejami in hitrim \u010dasom \u017eetve 63 dni. Ta vrsta je tudi fantasti\u010den proizvajalec smole in se dobro odziva na vezavo, zaradi \u010desar je odli\u010dna izbira za nastavitve Sea of \u200b\u200bGreen. Ne pozabite temeljito splakniti, da izbolj\u0161ate fantasti\u010den okus!<\/p>\n","protected":false},"excerpt":{"rendered":"<p>I\u0161\u010dete uravnote\u017een hibrid s hitrim \u010dasom \u017eetve? Poro\u010dna torta od sira je pravi izbor za vas!<\/p>\n","protected":false},"featured_media":1753,"comment_status":"open","ping_status":"closed","template":"","meta":[],"product_cat":[82],"product_tag":[],"class_list":{"0":"post-1497","1":"product","2":"type-product","3":"status-publish","4":"has-post-thumbnail","6":"product_cat-autoflowering-semena","7":"product_shipping_class-semena-sl","9":"first","10":"instock","11":"shipping-taxable","12":"purchasable","13":"product-type-variable","14":"has-default-attributes"},"acf":[],"_links":{"self":[{"href":"https:\/\/barn.si\/sl\/wp-json\/wp\/v2\/product\/1497","targetHints":{"allow":["GET"]}}],"collection":[{"href":"https:\/\/barn.si\/sl\/wp-json\/wp\/v2\/product"}],"about":[{"href":"https:\/\/barn.si\/sl\/wp-json\/wp\/v2\/types\/product"}],"replies":[{"embeddable":true,"href":"https:\/\/barn.si\/sl\/wp-json\/wp\/v2\/comments?post=1497"}],"wp:featuredmedia":[{"embeddable":true,"href":"https:\/\/barn.si\/sl\/wp-json\/wp\/v2\/media\/1753"}],"wp:attachment":[{"href":"https:\/\/barn.si\/sl\/wp-json\/wp\/v2\/media?parent=1497"}],"wp:term":[{"taxonomy":"product_cat","embeddable":true,"href":"https:\/\/barn.si\/sl\/wp-json\/wp\/v2\/product_cat?post=1497"},{"taxonomy":"product_tag","embeddable":true,"href":"https:\/\/barn.si\/sl\/wp-json\/wp\/v2\/product_tag?post=1497"}],"curies":[{"name":"wp","href":"https:\/\/api.w.org\/{rel}","templated":true}]}}