{"id":1500,"date":"2023-02-26T12:01:01","date_gmt":"2023-02-26T12:01:01","guid":{"rendered":"https:\/\/barn.si\/product\/bruce-banner\/"},"modified":"2023-03-16T13:50:30","modified_gmt":"2023-03-16T13:50:30","slug":"bruce-banner","status":"publish","type":"product","link":"https:\/\/barn.si\/sl\/izdelek\/bruce-banner\/","title":{"rendered":"Bruce Banner"},"content":{"rendered":"<p>Ta \u010dudoviti hibrid se pona\u0161a z rahlo prevlado sative, zraste visoko in grmi\u010dasto, razvija ve\u010d cveto\u010dih mest, ki proizvajajo svetlo zelene popke s terpensko me\u0161anico sladkih jagod in dizla. Z impresivno produkcijo smole so popki skoraj popolnoma beli in pustijo prijeten okus, ki oblije va\u0161a usta po vsakem vdihu.<\/p>\n<p>Tej sorti zagotovite dovolj prostora za rast in prive\u017eite veje ali gojite pod Scrog mre\u017eo, da zagotovite, da svetloba dose\u017ee vsa mesta cvetenja in prepre\u010dite nastanek plesni. Ko bo \u010das za obrezovanje, ne pozabite pripraviti posode za obrezovanje, saj bodo vsi sladkorni listi in celo nekateri ve\u010dji listi prekriti z debelo plastjo smole, ki omogo\u010da mo\u010dne in izjemno okusne izvle\u010dke.<\/p>\n","protected":false},"excerpt":{"rendered":"<p>I\u0161\u010dete visoko produktivno sorto z mo\u010dno proizvodnjo trihomov in neverjetnih 25 % THC? Ne i\u0161\u010dite dlje kot Bruce Banner Auto!<\/p>\n","protected":false},"featured_media":1756,"comment_status":"open","ping_status":"closed","template":"","meta":[],"product_cat":[82],"product_tag":[],"class_list":{"0":"post-1500","1":"product","2":"type-product","3":"status-publish","4":"has-post-thumbnail","6":"product_cat-autoflowering-semena","7":"product_shipping_class-semena-sl","9":"first","10":"instock","11":"shipping-taxable","12":"purchasable","13":"product-type-variable","14":"has-default-attributes"},"acf":[],"_links":{"self":[{"href":"https:\/\/barn.si\/sl\/wp-json\/wp\/v2\/product\/1500","targetHints":{"allow":["GET"]}}],"collection":[{"href":"https:\/\/barn.si\/sl\/wp-json\/wp\/v2\/product"}],"about":[{"href":"https:\/\/barn.si\/sl\/wp-json\/wp\/v2\/types\/product"}],"replies":[{"embeddable":true,"href":"https:\/\/barn.si\/sl\/wp-json\/wp\/v2\/comments?post=1500"}],"wp:featuredmedia":[{"embeddable":true,"href":"https:\/\/barn.si\/sl\/wp-json\/wp\/v2\/media\/1756"}],"wp:attachment":[{"href":"https:\/\/barn.si\/sl\/wp-json\/wp\/v2\/media?parent=1500"}],"wp:term":[{"taxonomy":"product_cat","embeddable":true,"href":"https:\/\/barn.si\/sl\/wp-json\/wp\/v2\/product_cat?post=1500"},{"taxonomy":"product_tag","embeddable":true,"href":"https:\/\/barn.si\/sl\/wp-json\/wp\/v2\/product_tag?post=1500"}],"curies":[{"name":"wp","href":"https:\/\/api.w.org\/{rel}","templated":true}]}}