{"id":1503,"date":"2023-02-26T11:53:45","date_gmt":"2023-02-26T11:53:45","guid":{"rendered":"https:\/\/barn.si\/product\/mimosa-cake\/"},"modified":"2023-03-16T13:52:52","modified_gmt":"2023-03-16T13:52:52","slug":"mimosa-cake","status":"publish","type":"product","link":"https:\/\/barn.si\/sl\/izdelek\/mimosa-cake\/","title":{"rendered":"Mimosa cake"},"content":{"rendered":"<p>Z visoko glavno kolo, ki dose\u017ee do 130 cm, lahko ta samocvetna sorta proizvede do 550 gr\/m2 hipnotizirajo\u010dih brstov v velikosti \u017eogice za namizni tenis, ki so videti skoraj puhasti zaradi svoje nore proizvodnje trihomov. Ta sorta ponuja mo\u010dno sadno aromo z izjemno sladkostjo in zemeljskostjo ter intenzivno bren\u010danje v glavi z rahlo, a prijetno telesno sprostitvijo zahvaljujo\u010d 24 % THC. <\/p>\n<p>V\u0161e\u010d vam bo sve\u017ea in slastna terpenska me\u0161anica, ki ima okus kot sladek sadni koktajl z mo\u010dno limonino ozadje. Morate poskusiti za ljubitelje sadnih terpenov in tiste, ki i\u0161\u010dejo visokokakovostno smolo za svoje ekstrakcije!<\/p>\n","protected":false},"excerpt":{"rendered":"<p>Dobra rastlina za tiste, ki i\u0161\u010dejo tako dnevni kot no\u010dni u\u010dinek, ki vam omogo\u010da, da pre\u017eivite dneve, ne da bi se po\u010dutili preve\u010d evfori\u010dno ali utrujeno.<\/p>\n","protected":false},"featured_media":1758,"comment_status":"open","ping_status":"closed","template":"","meta":[],"product_cat":[82],"product_tag":[],"class_list":{"0":"post-1503","1":"product","2":"type-product","3":"status-publish","4":"has-post-thumbnail","6":"product_cat-autoflowering-semena","7":"product_shipping_class-semena-sl","9":"first","10":"instock","11":"shipping-taxable","12":"purchasable","13":"product-type-variable","14":"has-default-attributes"},"acf":[],"_links":{"self":[{"href":"https:\/\/barn.si\/sl\/wp-json\/wp\/v2\/product\/1503","targetHints":{"allow":["GET"]}}],"collection":[{"href":"https:\/\/barn.si\/sl\/wp-json\/wp\/v2\/product"}],"about":[{"href":"https:\/\/barn.si\/sl\/wp-json\/wp\/v2\/types\/product"}],"replies":[{"embeddable":true,"href":"https:\/\/barn.si\/sl\/wp-json\/wp\/v2\/comments?post=1503"}],"wp:featuredmedia":[{"embeddable":true,"href":"https:\/\/barn.si\/sl\/wp-json\/wp\/v2\/media\/1758"}],"wp:attachment":[{"href":"https:\/\/barn.si\/sl\/wp-json\/wp\/v2\/media?parent=1503"}],"wp:term":[{"taxonomy":"product_cat","embeddable":true,"href":"https:\/\/barn.si\/sl\/wp-json\/wp\/v2\/product_cat?post=1503"},{"taxonomy":"product_tag","embeddable":true,"href":"https:\/\/barn.si\/sl\/wp-json\/wp\/v2\/product_tag?post=1503"}],"curies":[{"name":"wp","href":"https:\/\/api.w.org\/{rel}","templated":true}]}}