{"id":1506,"date":"2023-02-25T14:49:22","date_gmt":"2023-02-25T14:49:22","guid":{"rendered":"https:\/\/barn.si\/product\/tropicana-cookies\/"},"modified":"2023-03-16T13:55:06","modified_gmt":"2023-03-16T13:55:06","slug":"tropicana-cookies","status":"publish","type":"product","link":"https:\/\/barn.si\/sl\/izdelek\/tropicana-cookies\/","title":{"rendered":"Tropicana Cookies"},"content":{"rendered":"<p>Predstavljamo Tropicana Cookies Auto, popolno sorto za vse ravni pridelovalcev s pridelkom do 500 gr\/m2 v samo 56-63 dneh. Z visoko vsebnostjo THC 27 % ta sorta ponuja mo\u010dan in dolgotrajen napitek, popoln za tiste z visoko toleranco.<\/p>\n<p>Popki so temno vijoli\u010dasti z ro\u017enatimi, vijoli\u010dastimi in modrimi odtenki ter prekriti s smolo, ki jim daje skoraj svetle\u010de bel videz. Pri\u010dakujte slastno me\u0161anico limonine lupine, pomaran\u010dnega soka in sandalovine, ki ji daje citrusov okus po sladkarijah.<\/p>\n<p>Ta sorta zraste do 110 cm in razvije zna\u010dilno hibridno strukturo z visoko glavno kolo in srednje velikimi stranskimi vejami. S kratkim internodalnim razmikom lahko ta sorta proizvede do 150 g na rastlino, medtem ko raste relativno kratko.<\/p>\n<p>Pridelovalci naj razmaknejo veje in jih temeljito izperejo, da okrepijo sladko in kislo aromo.<\/p>\n<p>Morate poskusiti za ljubitelje terpenov in tiste, ki i\u0161\u010dejo po\u0161astni pridelek, ne da bi imeli opravka z ogromnimi rastlinami.<\/p>\n","protected":false},"excerpt":{"rendered":"<p>Predstavljamo Tropicana Cookies Auto, popolno sorto za vse ravni pridelovalcev s pridelkom do 500 gr\/m2 v samo 56-63 dneh. Z visoko vsebnostjo THC 27 % ta sorta ponuja mo\u010dan in dolgotrajen napitek, popoln za tiste z visoko toleranco.<\/p>\n","protected":false},"featured_media":1760,"comment_status":"open","ping_status":"closed","template":"","meta":[],"product_cat":[82],"product_tag":[],"class_list":{"0":"post-1506","1":"product","2":"type-product","3":"status-publish","4":"has-post-thumbnail","6":"product_cat-autoflowering-semena","7":"product_shipping_class-semena-sl","9":"first","10":"instock","11":"shipping-taxable","12":"purchasable","13":"product-type-variable","14":"has-default-attributes"},"acf":[],"_links":{"self":[{"href":"https:\/\/barn.si\/sl\/wp-json\/wp\/v2\/product\/1506","targetHints":{"allow":["GET"]}}],"collection":[{"href":"https:\/\/barn.si\/sl\/wp-json\/wp\/v2\/product"}],"about":[{"href":"https:\/\/barn.si\/sl\/wp-json\/wp\/v2\/types\/product"}],"replies":[{"embeddable":true,"href":"https:\/\/barn.si\/sl\/wp-json\/wp\/v2\/comments?post=1506"}],"wp:featuredmedia":[{"embeddable":true,"href":"https:\/\/barn.si\/sl\/wp-json\/wp\/v2\/media\/1760"}],"wp:attachment":[{"href":"https:\/\/barn.si\/sl\/wp-json\/wp\/v2\/media?parent=1506"}],"wp:term":[{"taxonomy":"product_cat","embeddable":true,"href":"https:\/\/barn.si\/sl\/wp-json\/wp\/v2\/product_cat?post=1506"},{"taxonomy":"product_tag","embeddable":true,"href":"https:\/\/barn.si\/sl\/wp-json\/wp\/v2\/product_tag?post=1506"}],"curies":[{"name":"wp","href":"https:\/\/api.w.org\/{rel}","templated":true}]}}