{"id":1510,"date":"2023-02-25T14:28:48","date_gmt":"2023-02-25T14:28:48","guid":{"rendered":"https:\/\/barn.si\/product\/gorila-cookies\/"},"modified":"2023-03-16T13:57:22","modified_gmt":"2023-03-16T13:57:22","slug":"gorila-cookies","status":"publish","type":"product","link":"https:\/\/barn.si\/sl\/izdelek\/gorila-cookies\/","title":{"rendered":"Gorila Cookies"},"content":{"rendered":"<p>I\u0161\u010dete mo\u010dan, visoko donosen avtoflower sev? Ne i\u0161\u010dite dlje kot Gorilla Cookies Auto! Z neverjetnimi 28,5 % THC je ta uravnote\u017eeni hibrid zanesljiv in odporen pridelovalec, ki proizvaja ogromne, goste popke, prekrite s smolo. Pri\u010dakujte kompleksen profil okusa, ki zdru\u017euje bogat ku\u0161 z zemeljsko meto in subtilno sladkostjo, zaradi \u010desar je popoln za tiste, ki u\u017eivajo v gladkem in aromati\u010dnem dimu, ki je mo\u010dan. Upo\u0161tevajte nekaj preprostih nasvetov za gojenje, da pove\u010date svoj donos in u\u017eivate v najbolj\u0161em zaslu\u017eku, ki je kot nala\u0161\u010d za za\u010detnike in komercialne pridelovalce, ki i\u0161\u010dejo mo\u010d, donos in okus.<\/p>\n<p>To je mo\u010dna kombinacija na\u0161ih najbolj\u0161ih autoflower sort vseh \u010dasov.<\/p>\n<p>Poleg tega je dobro omeniti, da boste z vzdr\u017eevanjem dobrega kro\u017eenja zraka in nadzora vla\u017enosti v prostoru za gojenje prepre\u010dili razvoj plesni in drugih glivi\u010dnih bolezni!<\/p>\n","protected":false},"excerpt":{"rendered":"<p>I\u0161\u010dete mo\u010dan, visoko donosen avtoflower sev? Ne i\u0161\u010dite dlje kot Gorilla Cookies Auto! Z neverjetnimi 28,5 % THC je ta uravnote\u017eeni hibrid zanesljiv in odporen pridelovalec, ki proizvaja ogromne, goste popke, prekrite s smolo. Pri\u010dakujte kompleksen profil okusa, ki zdru\u017euje bogat ku\u0161 z zemeljsko meto in subtilno sladkostjo, zaradi \u010desar je popoln za tiste, ki u\u017eivajo v gladkem in aromati\u010dnem dimu, ki je mo\u010dan.<\/p>\n","protected":false},"featured_media":1763,"comment_status":"open","ping_status":"closed","template":"","meta":[],"product_cat":[82],"product_tag":[],"class_list":{"0":"post-1510","1":"product","2":"type-product","3":"status-publish","4":"has-post-thumbnail","6":"product_cat-autoflowering-semena","7":"product_shipping_class-semena-sl","9":"first","10":"instock","11":"shipping-taxable","12":"purchasable","13":"product-type-variable"},"acf":[],"_links":{"self":[{"href":"https:\/\/barn.si\/sl\/wp-json\/wp\/v2\/product\/1510","targetHints":{"allow":["GET"]}}],"collection":[{"href":"https:\/\/barn.si\/sl\/wp-json\/wp\/v2\/product"}],"about":[{"href":"https:\/\/barn.si\/sl\/wp-json\/wp\/v2\/types\/product"}],"replies":[{"embeddable":true,"href":"https:\/\/barn.si\/sl\/wp-json\/wp\/v2\/comments?post=1510"}],"wp:featuredmedia":[{"embeddable":true,"href":"https:\/\/barn.si\/sl\/wp-json\/wp\/v2\/media\/1763"}],"wp:attachment":[{"href":"https:\/\/barn.si\/sl\/wp-json\/wp\/v2\/media?parent=1510"}],"wp:term":[{"taxonomy":"product_cat","embeddable":true,"href":"https:\/\/barn.si\/sl\/wp-json\/wp\/v2\/product_cat?post=1510"},{"taxonomy":"product_tag","embeddable":true,"href":"https:\/\/barn.si\/sl\/wp-json\/wp\/v2\/product_tag?post=1510"}],"curies":[{"name":"wp","href":"https:\/\/api.w.org\/{rel}","templated":true}]}}