{"id":1932,"date":"2023-04-14T10:12:55","date_gmt":"2023-04-14T10:12:55","guid":{"rendered":"https:\/\/barn.si\/?post_type=product&#038;p=1932"},"modified":"2023-05-23T11:07:19","modified_gmt":"2023-05-23T11:07:19","slug":"germ-genie-bendesol","status":"publish","type":"product","link":"https:\/\/barn.si\/sl\/izdelek\/germ-genie-bendesol\/","title":{"rendered":"Germ Genie &#8211; Bendesol"},"content":{"rendered":"<h3>NAMEN UPORABE:<\/h3>\n<p>Razku\u017eila in algicidi, ki niso namenjeni neposredni uporabi na ljudeh ali \u017eivalih (PT 2).<\/p>\n<h3>UPORABA<\/h3>\n<p>Proizvod, se uporablja za razku\u017eevanje povr\u0161in, materialov, opreme in pohi\u0161tva ter se ne uporablja v neposrednem stiku s hrano ali krmo. Bendesol nanesemo na o\u010di\u0161\u010deno in suho povr\u0161ino s \u010disto krpo ali razpr\u0161imo s pr\u0161ilko, ter ga pustimo delovati 1 minuto proti bakterijam, glivam in kvasovkam (EN1276, EN1650, EN13697) ter virusom (EN14476).<\/p>\n<h3>U\u010cINKOVINE<\/h3>\n<p>Vsebuje aktivno snov: etanol (71% (v\/v)). Oblika pripravka: brezbarvna teko\u010dina.<\/p>\n<h3>OPOZORILA<\/h3>\n<p>Prva pomo\u010d: Dolgotrajna in ponavljajo\u010da izpostavljenost lahko pri preob\u010dutljivih ljudeh povzro\u010di rde\u010dico, srbe\u010dico in pokanje ko\u017ee. Splo\u0161ni napotki: Prizadeto osebo odpeljite iz nevarnega obmo\u010dja. Naj se ule\u017ee. Takoj odstranite vsa obla\u010dila, ki so pri\u0161la v stik z izdelkom. V primeru nepravilnega dihanja ali zastoja dihanja nudite umetno dihanje. Pri vdihovanju: Dovajati sve\u017e zrak. Pri stiku s ko\u017eo: Na splo\u0161no izdelek ne dra\u017ei ko\u017ee. Pri zau\u017eitju: Izperite usta in pijte veliko vode. Vrste uporabnikov: poklicni, splo\u0161ni. NEVARNO H225 Lahko vnetljiva teko\u010dina in hlapi. P102 Hraniti zunaj dosega otrok. P210 Hraniti lo\u010deno od vro\u010dine, vro\u010dih povr\u0161in, isker, odprtega ognja in drugih virov v\u017eiga. Kajenje prepovedano P305 + P351 + P338 PRI STIKU Z O\u010cMI: previdno izpirajte z vodo nekaj minut. Odstranite kontaktne le\u010de, \u010de jih imate in \u010de to lahko storite brez te\u017eav. Nadaljujte z izpiranjem. P403 + P235 Hraniti na dobro prezra\u010devanem mestu. Hraniti na hladnem. P501 Odstraniti vsebino\/posodo v skladu z nacionalnimi predpisi. Serija in rok uporabe sta navedena na embala\u017ei. UFI N600-M0VH-9001-5FQ7<\/p>\n","protected":false},"excerpt":{"rendered":"<p>Alkoholno, hitro delujo\u010de dezinfekcijsko sredstvo za povr\u0161ine<\/p>\n","protected":false},"featured_media":2019,"comment_status":"open","ping_status":"closed","template":"","meta":[],"product_cat":[103],"product_tag":[],"class_list":{"0":"post-1932","1":"product","2":"type-product","3":"status-publish","4":"has-post-thumbnail","6":"product_cat-proclean-si","8":"first","9":"instock","10":"shipping-taxable","11":"purchasable","12":"product-type-simple"},"acf":[],"_links":{"self":[{"href":"https:\/\/barn.si\/sl\/wp-json\/wp\/v2\/product\/1932","targetHints":{"allow":["GET"]}}],"collection":[{"href":"https:\/\/barn.si\/sl\/wp-json\/wp\/v2\/product"}],"about":[{"href":"https:\/\/barn.si\/sl\/wp-json\/wp\/v2\/types\/product"}],"replies":[{"embeddable":true,"href":"https:\/\/barn.si\/sl\/wp-json\/wp\/v2\/comments?post=1932"}],"wp:featuredmedia":[{"embeddable":true,"href":"https:\/\/barn.si\/sl\/wp-json\/wp\/v2\/media\/2019"}],"wp:attachment":[{"href":"https:\/\/barn.si\/sl\/wp-json\/wp\/v2\/media?parent=1932"}],"wp:term":[{"taxonomy":"product_cat","embeddable":true,"href":"https:\/\/barn.si\/sl\/wp-json\/wp\/v2\/product_cat?post=1932"},{"taxonomy":"product_tag","embeddable":true,"href":"https:\/\/barn.si\/sl\/wp-json\/wp\/v2\/product_tag?post=1932"}],"curies":[{"name":"wp","href":"https:\/\/api.w.org\/{rel}","templated":true}]}}