{"id":1938,"date":"2023-04-17T06:13:39","date_gmt":"2023-04-17T06:13:39","guid":{"rendered":"https:\/\/barn.si\/product\/sticky-be-gone\/"},"modified":"2023-05-24T09:02:39","modified_gmt":"2023-05-24T09:02:39","slug":"sticky-be-gone","status":"publish","type":"product","link":"https:\/\/barn.si\/sl\/izdelek\/sticky-be-gone\/","title":{"rendered":"STICKY BE-GONE"},"content":{"rendered":"<h3>NAMEN UPORABE<\/h3>\n<p>Odli\u010dno \u010distilo za odstranjevanje smole in lepil. Posebej primerno za odstranjevanje naravne smola katera je te\u017eko odstranljiva brez visokih naporov \u010di\u0161\u010denja povr\u0161ine. \u010cistilo je primerno tudi za uporabo v industriji. Hitro in u\u010dinkovito odstranjuje trdovratne made\u017ee in \u017ee zasu\u0161ene plasti.<\/p>\n<h3>UPORABA<\/h3>\n<p>Podro\u010dja uporabe: Primerno za povr\u0161ine kot so PVC, poliuretan in gumo kakor tudi za smole, olja in ma\u0161\u010dobe v industriji. Doziranje: Razred\u010dite z vodo odvisno od stopnje umazanije 5 do 10% (0.5 do 1.0 liter na 10 litrov raztopine)<\/p>\n<h3>U\u010cINKOVINE<\/h3>\n<p>Vsebuje: 2-Aminoetanol. Uredba (ES) \u0161t. 648\/2004 o detergentih:<\/p>\n<h3>OPOZORILA<\/h3>\n<p>Poraba: 10 l raztopine za 40 &#8211; 80 m2. Posebna navodila: Pred uporabo testirajte premazane in prebarvane povr\u0161ine na obstojnost. Ni primerno za neobdelan linolej. Za \u0161kodo nastalo zaradi neprimerne uporabe proizvajalec ne prevzema odgovornosti. Nevarno H314 Povzro\u010da hude opekline ko\u017ee in po\u0161kodbe o\u010di. H335 Lahko povzro\u010di dra\u017eenje dihalnih poti. H412 \u0160kodljivo za vodne organizme, z dolgotrajnimi u\u010dinki. P102 Hraniti zunaj dosega otrok P303+P361+P353 PRI STIKU S KO\u017dO (ali lasmi): takoj odstraniti\/sleci vsa kontaminirana obla\u010dila. Izprati ko\u017eo z vodo\/prho. P305+P351+P338 PRI STIKU Z O\u010cMI: previdno izpirajte z vodo nekaj minut. Odstranite kontaktne le\u010de, \u010de jih imate in \u010de to lahko storite brez te\u017eav. Nadaljujte z izpiranjem. P310 Takoj pokli\u010dite CENTER ZA ZASTRUPITVE\/ zdravnika. P405 Hraniti zaklenjeno. P501 Vsebino\/vsebnik odstranite v skladu z lokalnimi\/ regionalnimi\/ narodnimi\/ mednarodnimi predpisi.<\/p>\n","protected":false},"excerpt":{"rendered":"<p>Odstranjevalec smole<\/p>\n","protected":false},"featured_media":2028,"comment_status":"open","ping_status":"closed","template":"","meta":[],"product_cat":[103],"product_tag":[],"class_list":{"0":"post-1938","1":"product","2":"type-product","3":"status-publish","4":"has-post-thumbnail","6":"product_cat-proclean-si","8":"first","9":"instock","10":"shipping-taxable","11":"purchasable","12":"product-type-simple"},"acf":[],"_links":{"self":[{"href":"https:\/\/barn.si\/sl\/wp-json\/wp\/v2\/product\/1938","targetHints":{"allow":["GET"]}}],"collection":[{"href":"https:\/\/barn.si\/sl\/wp-json\/wp\/v2\/product"}],"about":[{"href":"https:\/\/barn.si\/sl\/wp-json\/wp\/v2\/types\/product"}],"replies":[{"embeddable":true,"href":"https:\/\/barn.si\/sl\/wp-json\/wp\/v2\/comments?post=1938"}],"wp:featuredmedia":[{"embeddable":true,"href":"https:\/\/barn.si\/sl\/wp-json\/wp\/v2\/media\/2028"}],"wp:attachment":[{"href":"https:\/\/barn.si\/sl\/wp-json\/wp\/v2\/media?parent=1938"}],"wp:term":[{"taxonomy":"product_cat","embeddable":true,"href":"https:\/\/barn.si\/sl\/wp-json\/wp\/v2\/product_cat?post=1938"},{"taxonomy":"product_tag","embeddable":true,"href":"https:\/\/barn.si\/sl\/wp-json\/wp\/v2\/product_tag?post=1938"}],"curies":[{"name":"wp","href":"https:\/\/api.w.org\/{rel}","templated":true}]}}