{"id":1942,"date":"2023-04-17T06:34:17","date_gmt":"2023-04-17T06:34:17","guid":{"rendered":"https:\/\/barn.si\/product\/stoner-scrubber\/"},"modified":"2023-05-23T11:07:00","modified_gmt":"2023-05-23T11:07:00","slug":"stoner-scrubber","status":"publish","type":"product","link":"https:\/\/barn.si\/sl\/izdelek\/stoner-scrubber\/","title":{"rendered":"STONER SCRUBBER"},"content":{"rendered":"<h3>NAMEN UPORABE<\/h3>\n<p>Odli\u010dno \u010distilo za odstranjevanje vodnega kamna in \u010di\u0161\u010denje hydro sistemov. Primerno za povr\u0161ine kot so keramika, plasti\u010dne posode, kamnite podlage in cevi. <\/p>\n<h3>UPORABA<\/h3>\n<p>Uporaba in doziranje: 80-800 ml na 8 l vode (1-10 %), glede na plasti kamna in stopnjo umazanije. Fuge, ki niso kislinoodporne najprej namo\u010dimo z vodo, nanesemo raztopino ali pa jo nabrizgamo po povr\u0161ini. Trdovratno umazanijo zdrgnemo s padom. Izperemo z vodo.<\/p>\n<h3>U\u010cINKOVINE<\/h3>\n<p>Vsebuje nevarne snovi: Fosforjeva kislina. Sestava (Uredba \u0161t. 648\/2004\/ES): 5 &#8211; 15% neionske povr\u0161insko aktivne snovi, &lt; 5% parfumi.<\/p>\n<h3>OPOZORILA<\/h3>\n<p>Opozorilo: Pri pr\u0161enju na ve\u010djih povr\u0161inah poskrbite za za\u0161\u010dito dihalnih organov, pri dalj\u0161em delu s \u010distilom uporabljajte rokavice. Ne uporabljajte \u010distila na kamnu, ki vsebuje apnenec (marmor ipd), na teracu. Emajl in glazirane plo\u0161\u010dice preizkusite na obstojnost. Emajl \u010distimo z 80-240 ml na 8 l vode (1-3 %). Varujte o\u010di &#8211; v primeru, da pride \u010distilo v o\u010di izperite z vodo. Vsebuje nevarne snovi: Fosforjeva kislina. Sestava (Uredba \u0161t. 648\/2004\/ES): 5 &#8211; 15% neionske povr\u0161insko aktivne snovi, &lt; 5% parfumi. H319 Povzro\u010da hudo dra\u017eenje o\u010di. P102 Hraniti zunaj dosega otrok. P280 Nositi za\u0161\u010ditne rokavice\/za\u0161\u010ditno obleko\/ za\u0161\u010dito za o\u010di\/za\u0161\u010dito za obraz. P264 Po uporabi temeljito umiti. P305+P351+ P338 PRI STIKU Z O\u010cMI: previdno izpirajte z vodo nekaj minut. Odstranite kontaktne le\u010de, \u010de jih imate in \u010de to lahko storite brez te\u017eav. Nadaljujte z izpiranjem. P337+P313 \u010ce dra\u017eenje o\u010di ne preneha: poi\u0161\u010dite zdravni\u0161ko pomo\u010d\/ oskrbo.<\/p>\n","protected":false},"excerpt":{"rendered":"<p>Odstranjevalec smole<\/p>\n","protected":false},"featured_media":2021,"comment_status":"open","ping_status":"closed","template":"","meta":[],"product_cat":[103],"product_tag":[],"class_list":{"0":"post-1942","1":"product","2":"type-product","3":"status-publish","4":"has-post-thumbnail","6":"product_cat-proclean-si","8":"first","9":"instock","10":"shipping-taxable","11":"purchasable","12":"product-type-simple"},"acf":[],"_links":{"self":[{"href":"https:\/\/barn.si\/sl\/wp-json\/wp\/v2\/product\/1942","targetHints":{"allow":["GET"]}}],"collection":[{"href":"https:\/\/barn.si\/sl\/wp-json\/wp\/v2\/product"}],"about":[{"href":"https:\/\/barn.si\/sl\/wp-json\/wp\/v2\/types\/product"}],"replies":[{"embeddable":true,"href":"https:\/\/barn.si\/sl\/wp-json\/wp\/v2\/comments?post=1942"}],"wp:featuredmedia":[{"embeddable":true,"href":"https:\/\/barn.si\/sl\/wp-json\/wp\/v2\/media\/2021"}],"wp:attachment":[{"href":"https:\/\/barn.si\/sl\/wp-json\/wp\/v2\/media?parent=1942"}],"wp:term":[{"taxonomy":"product_cat","embeddable":true,"href":"https:\/\/barn.si\/sl\/wp-json\/wp\/v2\/product_cat?post=1942"},{"taxonomy":"product_tag","embeddable":true,"href":"https:\/\/barn.si\/sl\/wp-json\/wp\/v2\/product_tag?post=1942"}],"curies":[{"name":"wp","href":"https:\/\/api.w.org\/{rel}","templated":true}]}}