{"id":1947,"date":"2023-04-20T11:03:04","date_gmt":"2023-04-20T11:03:04","guid":{"rendered":"https:\/\/barn.si\/?post_type=product&#038;p=1947"},"modified":"2023-05-23T11:06:41","modified_gmt":"2023-05-23T11:06:41","slug":"grow-gunk-busters","status":"publish","type":"product","link":"https:\/\/barn.si\/sl\/izdelek\/grow-gunk-busters\/","title":{"rendered":"GROW GUNK BUSTERS"},"content":{"rendered":"<h3>NAMEN UPORABE<\/h3>\n<p>Predstavljamo vrhunski \u010distilni komplet za vse potrebe va\u0161ega sistema za rast &#8211; Grow Gunk Busters! Poslovite se od umazanije, vodnega kamna in \u0161kodljivih mikrobov s tem mo\u010dnim triom \u010distil: Stoner Scrubber, Sticky Be-gone in Germ Genie. Stoner Scrubber je popolna re\u0161itev za odpravo trdovratnega vodnega kamna in nabiranja umazanije na kamnih va\u0161ega hidroponi\u010dnega sistema. S svojo mo\u010dno formulo razgradi in odstrani tudi najbolj trdovratne ostanke, tako da je va\u0161 sistem videti popolnoma nov. Sticky Be-Gone je ve\u010dnamensko \u010distilo, zasnovano za re\u0161evanje najbolj lepljivih situacij. Od lepljivega rastlinskega soka do trdovratnih lepil, Sticky Be-gone olaj\u0161a odstranjevanje ne\u017eelenih ostankov iz va\u0161ega sistema za gojenje. Germ Genie je najbolj\u0161a re\u0161itev za uni\u010devanje klic, popolna za razku\u017eevanje va\u0161ega sistema za gojenje in prepre\u010devanju \u0161irjenje \u0161kodljivih bakterij, gliv in drugih bolezni. Z Germ Genie ste lahko brez skrbi, saj veste, da so va\u0161e rastline varne in zdrave. Paket Grow Gunk Busters je najbolj\u0161a re\u0161itev za vsakogar, ki \u017eeli vzdr\u017eevati \u010dist in zdrav sistem za gojenje. S temi tremi mo\u010dnimi \u010distili se lahko poslovite od umazanije, vodnega kamna in \u0161kodljivih mikrobov ter vzgojite uspe\u0161ne rastline! Zakaj torej \u010dakati? Naro\u010dite svoj paket Grow Gunk Busters \u0161e danes in za\u010dnite \u010distiti kot profesionalec!<\/p>\n<h3>UPORABA<\/h3>\n<p><a href=\"https:\/\/barn.si\/sl\/?post_type=product&#038;p=1932\">Germ Geni &#8211; Bendesol<\/a>, <a href=\"https:\/\/barn.si\/?post_type=product&amp;p=1935&amp;preview=true\">Sticky Be-Gone<\/a>, <a href=\"https:\/\/barn.si\/?post_type=product&amp;p=1939&amp;preview=true\">Stoner Scrubber<\/a><\/p>\n","protected":false},"excerpt":{"rendered":"<p>Paket Barn \u010distil za popolnoma \u010diste sisteme + BREZPLA\u010cNA pr\u0161ilka<\/p>\n","protected":false},"featured_media":1946,"comment_status":"open","ping_status":"closed","template":"","meta":[],"product_cat":[103],"product_tag":[],"class_list":{"0":"post-1947","1":"product","2":"type-product","3":"status-publish","4":"has-post-thumbnail","6":"product_cat-proclean-si","8":"first","9":"instock","10":"shipping-taxable","11":"purchasable","12":"product-type-simple"},"acf":[],"_links":{"self":[{"href":"https:\/\/barn.si\/sl\/wp-json\/wp\/v2\/product\/1947","targetHints":{"allow":["GET"]}}],"collection":[{"href":"https:\/\/barn.si\/sl\/wp-json\/wp\/v2\/product"}],"about":[{"href":"https:\/\/barn.si\/sl\/wp-json\/wp\/v2\/types\/product"}],"replies":[{"embeddable":true,"href":"https:\/\/barn.si\/sl\/wp-json\/wp\/v2\/comments?post=1947"}],"wp:featuredmedia":[{"embeddable":true,"href":"https:\/\/barn.si\/sl\/wp-json\/wp\/v2\/media\/1946"}],"wp:attachment":[{"href":"https:\/\/barn.si\/sl\/wp-json\/wp\/v2\/media?parent=1947"}],"wp:term":[{"taxonomy":"product_cat","embeddable":true,"href":"https:\/\/barn.si\/sl\/wp-json\/wp\/v2\/product_cat?post=1947"},{"taxonomy":"product_tag","embeddable":true,"href":"https:\/\/barn.si\/sl\/wp-json\/wp\/v2\/product_tag?post=1947"}],"curies":[{"name":"wp","href":"https:\/\/api.w.org\/{rel}","templated":true}]}}