{"id":1949,"date":"2023-04-20T11:03:56","date_gmt":"2023-04-20T11:03:56","guid":{"rendered":"https:\/\/barn.si\/?post_type=product&#038;p=1949"},"modified":"2023-05-23T11:09:21","modified_gmt":"2023-05-23T11:09:21","slug":"spray","status":"publish","type":"product","link":"https:\/\/barn.si\/sl\/izdelek\/spray\/","title":{"rendered":"SPRAY"},"content":{"rendered":"<h3>NAMEN UPORABE<\/h3>\n<p>Pr\u0161ilka za embala\u017eo za \u010distila. Ima\u0161 doma \u010distilo na katerem se ti je polomila pr\u0161ilka? \u017deli\u0161 na\u0161 Sticky Be-Gone in Stoner Scrubber uporabljati s pr\u0161ilko? Ima\u0161 doma \u010distilo, ki nujno potrebuje zamenjavo pr\u0161ilke? Ni problema, v na\u0161i ponudbi se najde nadomestna pr\u0161ilko, ki se pona\u0161a s profesionalnimi in kakovostnimi karakteristikami. Sedaj lahko naro\u010di\u0161 pr\u0161ilko, ki pa\u0161e na vse standardne embala\u017ee \u010distil! Za manj\u0161e embala\u017ee \u201cslamico\u201d preprosto odre\u017ei, za ve\u010dje embala\u017ee pa pusti originalno dol\u017eno, da lahko slamica dose\u017ee dno embala\u017ee.<\/p>\n","protected":false},"excerpt":{"rendered":"<p>Nadomestna pr\u0161ilka<\/p>\n","protected":false},"featured_media":0,"comment_status":"open","ping_status":"closed","template":"","meta":[],"product_cat":[103],"product_tag":[],"class_list":{"0":"post-1949","1":"product","2":"type-product","3":"status-publish","5":"product_cat-proclean-si","7":"first","8":"instock","9":"shipping-taxable","10":"purchasable","11":"product-type-simple"},"acf":[],"_links":{"self":[{"href":"https:\/\/barn.si\/sl\/wp-json\/wp\/v2\/product\/1949","targetHints":{"allow":["GET"]}}],"collection":[{"href":"https:\/\/barn.si\/sl\/wp-json\/wp\/v2\/product"}],"about":[{"href":"https:\/\/barn.si\/sl\/wp-json\/wp\/v2\/types\/product"}],"replies":[{"embeddable":true,"href":"https:\/\/barn.si\/sl\/wp-json\/wp\/v2\/comments?post=1949"}],"wp:attachment":[{"href":"https:\/\/barn.si\/sl\/wp-json\/wp\/v2\/media?parent=1949"}],"wp:term":[{"taxonomy":"product_cat","embeddable":true,"href":"https:\/\/barn.si\/sl\/wp-json\/wp\/v2\/product_cat?post=1949"},{"taxonomy":"product_tag","embeddable":true,"href":"https:\/\/barn.si\/sl\/wp-json\/wp\/v2\/product_tag?post=1949"}],"curies":[{"name":"wp","href":"https:\/\/api.w.org\/{rel}","templated":true}]}}